{"id":9,"date":"2017-08-31T11:37:41","date_gmt":"2017-08-31T11:37:41","guid":{"rendered":"https:\/\/odbojkapiran.wordpress.com\/?page_id=2"},"modified":"2021-09-06T00:29:42","modified_gmt":"2021-09-05T22:29:42","slug":"about","status":"publish","type":"page","link":"https:\/\/www.odbojkapiran.si\/?page_id=9","title":{"rendered":"O klubu"},"content":{"rendered":"<h2>1992<\/h2>\n<p style=\"text-align: justify;\">Pri\u010detki odbojkarske sekcije za \u017eenske\u00a0 v ob\u010dini Piran segajo v leto\u00a0 1992. V tem letu se je pri\u010dela organizirana vadba pod vodstvom\u00a0\u00a0 trenerja Pajek Bogdana. Od za\u010detne ekipe , ki je vadila dvakrat na teden\u00a0 v telovadnici na stadionu v Piranu (ki je bila edina v ob\u010dini Piran) in se je udele\u017eevala prijateljskih turnirjev v sosednji Italiji, je nastala organizirana ekipa, ki se je prijavila na kvalifikacije za uvrstitev v 3. dr\u017eavno odbojkarsko ligo. \u017de v prvem poskusu je obetavni ekipi uspela uvrstitev in v prvem letu tekmovanja osvojila osmo mesto. V naslednjih letih se je kalila prva ekipa in obenem vzpostavljala organizirana vadba mlaj\u0161ih selekcij in vadba na mivki. Prvi ve\u010dji uspeh je bil leta 1994 ko je ekipa mlaj\u0161ih deklic osvojila naslov dr\u017eavnih prvakinj v odbojki na mivki, starej\u0161e deklice pa so bile druge. Leta 1996 je \u010dlanske ekipa v 3. DOL\u00a0 osvojila 1. mesto in se s tem uvrstila v 2. DOL pod vodstvom trenerja Buli\u010d Milovana. Tega leta je ekipa starej\u0161ih deklic osvojila naslov dr\u017eavnih prvakinj v odbojki na mivki, kadetinje pa so osvojile drugo mesto. Leta 1998 je \u010dlanska ekipa osvojila 7. mesto, kar pa je bilo premalo za obstanek v ligi zaradi spremenjenega na\u010dina tekmovanja. V tem letu je odbojkarska sekcija uspe\u0161no organizirala mednarodno tekmo za Evropski pokal med \u017eenskimi ekipami Slovenje in Mad\u017earske. V odbojki na mivki so kadetinje osvojile naslov dr\u017eavnih prvakinj in se uvrstile na Evropsko prvenstvo v kategoriji mladink za leto 1999. V tem letu je \u010dlanska ekipa osvojila 3. mesto v 3. DOL, ekipa deklic 1. mesto v \u00bbB\u00ab ligi. V letu 2001 se je potrdilo dobro delo z mladimi. Tako je kadetska ekipa po uspe\u0161ni ligi kvalifikacij na finalnem turnirju\u00a0 osvojila 2. mesto in s tem naslov dr\u017eavnih podprvakinj. Enak naslov so kadetinje osvojile tudi na mivki.<\/p>\n<h2>2007\/2008<\/h2>\n<div id=\"wrapper\">\n<div id=\"main\" role=\"main\">\n<article class=\"item-page\">\n<p style=\"text-align: justify;\">Leta 2008 je \u010dlanska ekipa pod vodstvom trenerja Rulofs \u017deljkota\u00a0 prepri\u010dljivo osvojila\u00a0 1. mesto v 3. dr\u017eavni ligi in se uvrstila v 2. dr\u017eavno ligo. V pokalnem tekmovanju so izpadle v \u010detrtek krogu.<\/p>\n<p><img loading=\"lazy\" class=\"alignnone size-full wp-image-523\" src=\"http:\/\/www.odbojkapiran.si\/wp-content\/uploads\/2017\/12\/2008_3dol.jpg\" alt=\"\" width=\"604\" height=\"453\" srcset=\"https:\/\/www.odbojkapiran.si\/wp-content\/uploads\/2017\/12\/2008_3dol.jpg 604w, https:\/\/www.odbojkapiran.si\/wp-content\/uploads\/2017\/12\/2008_3dol-300x225.jpg 300w, https:\/\/www.odbojkapiran.si\/wp-content\/uploads\/2017\/12\/2008_3dol-507x380.jpg 507w\" sizes=\"(max-width: 604px) 100vw, 604px\" \/><\/p>\n<p><span style=\"font-size: 10pt;\"><em>stojijo: Maja Jurin\u010di\u010d, Mateja Pal, Teja \u017dnider, Tanja Erjavec, Katja Schiulaz, Romi Furlan<\/em><\/span><br \/>\n<em><span style=\"font-size: 10pt;\">\u010depijo: Petra Truglas, Sanja Be\u010daj,\u00a0Sarah Bubni\u010d, \u0160pela Ple\u0161nar<\/span><br \/>\n<\/em><\/p>\n<h2>2008\/2009<\/h2>\n<p style=\"text-align: justify;\">V sezoni 2008\/2009 so dekleta, pod vodstvom trenerja Sergeja Jakomina, nastopale v 2. dr\u017eavni ligi in osvojile le 11. mesto.\u00a0 V pokalnem tekmovanju so se uvrstile v \u010detrti krog tekmovanja, mlaj\u0161e kategorije pa so tekmovale v B ligah.<\/p>\n<p><img loading=\"lazy\" class=\"alignnone size-full wp-image-1149\" src=\"https:\/\/www.odbojkapiran.si\/wp-content\/uploads\/2019\/04\/100_0457.jpg\" alt=\"\" width=\"1024\" height=\"768\" srcset=\"https:\/\/www.odbojkapiran.si\/wp-content\/uploads\/2019\/04\/100_0457.jpg 1024w, https:\/\/www.odbojkapiran.si\/wp-content\/uploads\/2019\/04\/100_0457-300x225.jpg 300w, https:\/\/www.odbojkapiran.si\/wp-content\/uploads\/2019\/04\/100_0457-768x576.jpg 768w, https:\/\/www.odbojkapiran.si\/wp-content\/uploads\/2019\/04\/100_0457-507x380.jpg 507w\" sizes=\"(max-width: 1024px) 100vw, 1024px\" \/><\/p>\n<p><span style=\"font-size: 10pt;\"><em>stojijo: trener Sergej Jakomin, Tara Suboti\u0107, Ajda Bedene, Zala Skomina, Teja \u017dnider, Nastja Baranovska, Sarah Bubni\u010d;<\/em><\/span><br \/>\n<span style=\"font-size: 10pt;\"><em>\u010depijo: Katja Schiulaz, Petra Truglas, Sanja Be\u010daj, Romi Furlan, Maja Jurin\u010di\u010d<\/em><\/span><\/p>\n<h2>2010<\/h2>\n<p style=\"text-align: justify;\">Leta 2010 je \u010dlanska ekipa v 3. dr\u017eavni ligi osvojila 3. mesto. Intenzivno se je delalo na mlaj\u0161ih selekcijah in rezultat se je pokazal leta 2013, ko so starej\u0161e deklice osvojile 5. mesto potem, ko so za las izgubile mo\u017enost za uvrstitev v finale dr\u017eavnega prvenstva.<\/p>\n<h2>2013\/2014<\/h2>\n<p style=\"text-align: justify;\">V tekmovalni sezoni 2013\/14 je \u010dlanska ekipa v 3. dol osvojila 3. mesto, v pokalnem tekmovanju so se uvrstile v tretji krog tekmovanja, kadetinje so tekmovale v A dr\u017eavni ligi in v svoji skupini osvojile 5. mesto. V B ligi so tekmovale tudi starej\u0161e deklice, najmlaj\u0161e pa so tekmovale v mini odbojki.<\/p>\n<p>\u00a0<img loading=\"lazy\" class=\"alignnone size-large wp-image-376\" src=\"http:\/\/www.odbojkapiran.si\/wp-content\/uploads\/2017\/08\/IMG_6263-1024x768.jpg\" alt=\"\" width=\"620\" height=\"465\" srcset=\"https:\/\/www.odbojkapiran.si\/wp-content\/uploads\/2017\/08\/IMG_6263-1024x768.jpg 1024w, https:\/\/www.odbojkapiran.si\/wp-content\/uploads\/2017\/08\/IMG_6263-300x225.jpg 300w, https:\/\/www.odbojkapiran.si\/wp-content\/uploads\/2017\/08\/IMG_6263-768x576.jpg 768w, https:\/\/www.odbojkapiran.si\/wp-content\/uploads\/2017\/08\/IMG_6263-507x380.jpg 507w, https:\/\/www.odbojkapiran.si\/wp-content\/uploads\/2017\/08\/IMG_6263.jpg 1600w\" sizes=\"(max-width: 620px) 100vw, 620px\" \/> <img loading=\"lazy\" class=\"alignnone size-large wp-image-377\" src=\"http:\/\/www.odbojkapiran.si\/wp-content\/uploads\/2017\/08\/IMG_6336-1024x768.jpg\" alt=\"\" width=\"620\" height=\"465\" srcset=\"https:\/\/www.odbojkapiran.si\/wp-content\/uploads\/2017\/08\/IMG_6336-1024x768.jpg 1024w, https:\/\/www.odbojkapiran.si\/wp-content\/uploads\/2017\/08\/IMG_6336-300x225.jpg 300w, https:\/\/www.odbojkapiran.si\/wp-content\/uploads\/2017\/08\/IMG_6336-768x576.jpg 768w, https:\/\/www.odbojkapiran.si\/wp-content\/uploads\/2017\/08\/IMG_6336-507x380.jpg 507w, https:\/\/www.odbojkapiran.si\/wp-content\/uploads\/2017\/08\/IMG_6336.jpg 1600w\" sizes=\"(max-width: 620px) 100vw, 620px\" \/><\/p>\n<p><span style=\"font-size: 10pt;\"><em>stojijo:\u00a0 Deizy, Ur\u0161a, Mari, Eva, Amedea, trener Albis Petreti\u010d;<\/em><\/span><br \/>\n<span style=\"font-size: 10pt;\"><em>sedijo: , Lana, Ne\u017ea, , Julija<br \/>\n<\/em><\/span><\/p>\n<h2>2015\/2016<\/h2>\n<h2><img loading=\"lazy\" class=\"alignnone size-large wp-image-232\" src=\"http:\/\/www.odbojkapiran.si\/wp-content\/uploads\/2017\/08\/kadetinje2-1024x576.jpg\" alt=\"\" width=\"620\" height=\"349\" srcset=\"https:\/\/www.odbojkapiran.si\/wp-content\/uploads\/2017\/08\/kadetinje2-1024x576.jpg 1024w, https:\/\/www.odbojkapiran.si\/wp-content\/uploads\/2017\/08\/kadetinje2-300x169.jpg 300w, https:\/\/www.odbojkapiran.si\/wp-content\/uploads\/2017\/08\/kadetinje2-768x432.jpg 768w, https:\/\/www.odbojkapiran.si\/wp-content\/uploads\/2017\/08\/kadetinje2-676x380.jpg 676w, https:\/\/www.odbojkapiran.si\/wp-content\/uploads\/2017\/08\/kadetinje2.jpg 2048w\" sizes=\"(max-width: 620px) 100vw, 620px\" \/><\/h2>\n<p><span style=\"font-size: 10pt;\"><em>stojijo: Vanja, Eva, Ur\u0161a, Amedea, Deizy, Lana, Kristina, trener Goran Jovi\u010di\u0107<\/em><\/span><br \/>\n<span style=\"font-size: 10pt;\"><em>sedijo: Valerija, Assia, Eneya, Ne\u017ea, Lea, Taja, Lia<\/em><\/span><\/p>\n<h2>2016\/2017<\/h2>\n<p>V tekmovalni sezoni 2016\/2017 so pod okriljem trenerja Gorana Jovi\u010di\u010da dekleta v 3. ligi vodila celotno sezono in si le z dvema porazoma prislu\u017eila uvrstitev v 2. dr\u017eavno ligo.<br \/>\n<img loading=\"lazy\" class=\"alignnone size-large wp-image-375\" src=\"http:\/\/www.odbojkapiran.si\/wp-content\/uploads\/2017\/08\/17522343_1475018832529405_78852830_o-1024x576.jpg\" alt=\"\" width=\"620\" height=\"349\" srcset=\"https:\/\/www.odbojkapiran.si\/wp-content\/uploads\/2017\/08\/17522343_1475018832529405_78852830_o-1024x576.jpg 1024w, https:\/\/www.odbojkapiran.si\/wp-content\/uploads\/2017\/08\/17522343_1475018832529405_78852830_o-300x169.jpg 300w, https:\/\/www.odbojkapiran.si\/wp-content\/uploads\/2017\/08\/17522343_1475018832529405_78852830_o-768x432.jpg 768w, https:\/\/www.odbojkapiran.si\/wp-content\/uploads\/2017\/08\/17522343_1475018832529405_78852830_o-676x380.jpg 676w, https:\/\/www.odbojkapiran.si\/wp-content\/uploads\/2017\/08\/17522343_1475018832529405_78852830_o.jpg 2048w\" sizes=\"(max-width: 620px) 100vw, 620px\" \/><\/p>\n<p><span style=\"font-size: 10pt;\"><em>stojijo: Lea \u0160orgo, Deizy Memi\u0107, Sabrina Calcina, Alenka Kolo\u0161a, Lana Pavlovi\u010d, trener Goran Jovi\u010di\u0107<br \/>\n\u010depijo: Sanja Be\u010daj, Vanja Jefteni\u0107, Amedea Benussi, Eva Susman, Kristina Kleva<br \/>\nmanjkajo: <\/em><\/span><span style=\"font-size: 10pt;\"><em>Ne\u017ea Fajt Fi\u0161ter,\u00a0 Lavinia Ho\u010devar, Helena \u0160kerjanc, Nika Leskovar, Sabina Marancina<br \/>\n<\/em><\/span><\/p>\n<p><img loading=\"lazy\" class=\"alignnone size-full wp-image-268\" src=\"https:\/\/www.odbojkapiran.si\/wp-content\/uploads\/2017\/09\/2-gorica-e1506202724164.jpg\" alt=\"\" width=\"4183\" height=\"2111\" srcset=\"https:\/\/www.odbojkapiran.si\/wp-content\/uploads\/2017\/09\/2-gorica-e1506202724164.jpg 4183w, https:\/\/www.odbojkapiran.si\/wp-content\/uploads\/2017\/09\/2-gorica-e1506202724164-300x151.jpg 300w, https:\/\/www.odbojkapiran.si\/wp-content\/uploads\/2017\/09\/2-gorica-e1506202724164-768x388.jpg 768w, https:\/\/www.odbojkapiran.si\/wp-content\/uploads\/2017\/09\/2-gorica-e1506202724164-1024x517.jpg 1024w, https:\/\/www.odbojkapiran.si\/wp-content\/uploads\/2017\/09\/2-gorica-e1506202724164-753x380.jpg 753w\" sizes=\"(max-width: 4183px) 100vw, 4183px\" \/><\/p>\n<p><span style=\"font-size: 10pt;\"><em>Kristina Kleva,\u00a0Lana Pavlovi\u010d, Helena \u0160kerjanc,\u00a0Nika Leskovar,\u00a0Eva Susman,\u00a0Vanja Jefteni\u0107,\u00a0Ne\u017ea Fajt Fi\u0161ter,\u00a0Alenka Kolo\u0161a,\u00a0Lea \u0160orgo, Amedea Benussi, Sabrina Calcina, Deizy Memi\u0107,\u00a0Sanja Be\u010daj,\u00a0Sabina Marancina<\/em><\/span><\/p>\n<p><img loading=\"lazy\" class=\"alignnone size-full wp-image-1164\" src=\"https:\/\/www.odbojkapiran.si\/wp-content\/uploads\/2019\/04\/3-mlajse.jpg\" alt=\"\" width=\"5152\" height=\"3864\" srcset=\"https:\/\/www.odbojkapiran.si\/wp-content\/uploads\/2019\/04\/3-mlajse.jpg 5152w, https:\/\/www.odbojkapiran.si\/wp-content\/uploads\/2019\/04\/3-mlajse-300x225.jpg 300w, https:\/\/www.odbojkapiran.si\/wp-content\/uploads\/2019\/04\/3-mlajse-768x576.jpg 768w, https:\/\/www.odbojkapiran.si\/wp-content\/uploads\/2019\/04\/3-mlajse-1024x768.jpg 1024w, https:\/\/www.odbojkapiran.si\/wp-content\/uploads\/2019\/04\/3-mlajse-507x380.jpg 507w\" sizes=\"(max-width: 5152px) 100vw, 5152px\" \/><\/p>\n<p><span style=\"font-size: 10pt;\"><em>Ekipa mini in male odbojke<\/em><\/span><\/p>\n<h2>2017\/2018<\/h2>\n<p>V sezoni 2017\/2018 je ekipa nastopala v 2. dol zahod in si s 6. mestom priborila uvrstitev v 1.B ligo za naslednjo sezono.<\/p>\n<p><img loading=\"lazy\" class=\"alignnone size-full wp-image-467\" src=\"https:\/\/www.odbojkapiran.si\/wp-content\/uploads\/2017\/11\/IMG_4275a.jpg\" alt=\"\" width=\"998\" height=\"658\" srcset=\"https:\/\/www.odbojkapiran.si\/wp-content\/uploads\/2017\/11\/IMG_4275a.jpg 998w, https:\/\/www.odbojkapiran.si\/wp-content\/uploads\/2017\/11\/IMG_4275a-300x198.jpg 300w, https:\/\/www.odbojkapiran.si\/wp-content\/uploads\/2017\/11\/IMG_4275a-768x506.jpg 768w, https:\/\/www.odbojkapiran.si\/wp-content\/uploads\/2017\/11\/IMG_4275a-576x380.jpg 576w\" sizes=\"(max-width: 998px) 100vw, 998px\" \/><\/p>\n<p><em><span style=\"font-size: 10pt;\">stojijo: Helena \u0160kerjanc, Katja Schiulaz, Eva Susman, Lana Pavlovi\u010d, Sabrina Calcina, Deizy Memi\u0107, Nina Lov\u0161in, trener \u017deljko Rulofs;<br \/>\nkle\u010dijo: <\/span><\/em><em><span style=\"font-size: 10pt;\">Marja \u010cendak, Lea \u0160orgo, Ne\u017ea Fajt Fi\u0161ter, Amedea Benussi, Sanja Be\u010daj;<br \/>\nmanjkajo: Vanja Jefteni\u0107, Lavinia Ho\u010devar, Ur\u0161ka Morgan<\/span><\/em><\/p>\n<p>Mladinska ekipa Pirana, pod vpdstvom trenerja \u017deljka Rulofsa<\/p>\n<p><img loading=\"lazy\" class=\"alignnone size-full wp-image-346\" src=\"https:\/\/www.odbojkapiran.si\/wp-content\/uploads\/2017\/10\/2017_mladinke_koper.jpg\" alt=\"\" width=\"2048\" height=\"1536\" srcset=\"https:\/\/www.odbojkapiran.si\/wp-content\/uploads\/2017\/10\/2017_mladinke_koper.jpg 2048w, https:\/\/www.odbojkapiran.si\/wp-content\/uploads\/2017\/10\/2017_mladinke_koper-300x225.jpg 300w, https:\/\/www.odbojkapiran.si\/wp-content\/uploads\/2017\/10\/2017_mladinke_koper-768x576.jpg 768w, https:\/\/www.odbojkapiran.si\/wp-content\/uploads\/2017\/10\/2017_mladinke_koper-1024x768.jpg 1024w, https:\/\/www.odbojkapiran.si\/wp-content\/uploads\/2017\/10\/2017_mladinke_koper-507x380.jpg 507w\" sizes=\"(max-width: 2048px) 100vw, 2048px\" \/><\/p>\n<p><em><span style=\"font-size: 10pt;\">stojijo: Vanja Jefteni\u0107, Deizy Memi\u0107, Isabel Ribolli, Lia Tuljak, Nika Leskovar, Lana Pavlovi\u010d, Eva Susman<br \/>\n<\/span><\/em><em><span style=\"font-size: 10pt;\">kle\u010dijo: Eneya Klemen, Ne\u017ea Fajt \u00a0Fi\u0161ter, Amedea Benussi, Marja \u010cendak, Kristina Kleva, Lea \u0160orgo, Assia Memi\u0107<\/span><\/em><\/p>\n<h2>2019\/2020<\/h2>\n<p>\u010clanska ekipa je v sezoni 2019\/2020 nastopala v 2. dol zahod pod okriljem trenerja Rulofs \u017deljka.<\/p>\n<p><img loading=\"lazy\" class=\"alignnone size-large wp-image-1265\" src=\"https:\/\/www.odbojkapiran.si\/wp-content\/uploads\/2019\/10\/20191005_203018-1024x768.jpg\" alt=\"\" width=\"620\" height=\"465\" srcset=\"https:\/\/www.odbojkapiran.si\/wp-content\/uploads\/2019\/10\/20191005_203018-1024x768.jpg 1024w, https:\/\/www.odbojkapiran.si\/wp-content\/uploads\/2019\/10\/20191005_203018-300x225.jpg 300w, https:\/\/www.odbojkapiran.si\/wp-content\/uploads\/2019\/10\/20191005_203018-768x576.jpg 768w, https:\/\/www.odbojkapiran.si\/wp-content\/uploads\/2019\/10\/20191005_203018-507x380.jpg 507w\" sizes=\"(max-width: 620px) 100vw, 620px\" \/><\/p>\n<p><em><span style=\"font-size: 10pt;\">kle\u010dijo: Lana Po\u017ear, Neja Nedoh, Deizy memi\u0107, Sara Grdina, Eva Vita Kocet, Tia Cesar;<br \/>\nsedijo: Sanja Be\u010daj, Lea Jerkovi\u0107, Taja Poropat, Nika Jerkovi\u0107, Amedea Benussi, Vanja Jefteni\u010d, Eva Susman;<br \/>\nmanjka Dorotea Volk<\/span><\/em><\/p>\n<p>Ekipa starej\u0161ih deklic je v sezoni2019\/2020 igrala v 2. ligi, ki pa se zaradi COVID-a ni zaklju\u010dila.<\/p>\n<p><img loading=\"lazy\" class=\"alignnone size-large wp-image-1482\" src=\"https:\/\/www.odbojkapiran.si\/wp-content\/uploads\/2021\/09\/IMG_2484-1024x768.jpg\" alt=\"\" width=\"620\" height=\"465\" srcset=\"https:\/\/www.odbojkapiran.si\/wp-content\/uploads\/2021\/09\/IMG_2484-1024x768.jpg 1024w, https:\/\/www.odbojkapiran.si\/wp-content\/uploads\/2021\/09\/IMG_2484-300x225.jpg 300w, https:\/\/www.odbojkapiran.si\/wp-content\/uploads\/2021\/09\/IMG_2484-768x576.jpg 768w, https:\/\/www.odbojkapiran.si\/wp-content\/uploads\/2021\/09\/IMG_2484-507x380.jpg 507w\" sizes=\"(max-width: 620px) 100vw, 620px\" \/><\/p>\n<p><span style=\"font-size: 10pt;\"><em>stojijo: trenerka Sanja Be\u010daj, Lejla Kadriovska, Assia Memi\u0107, Sofija Mu\u0161icki, Dariya kotova;<br \/>\nkle\u010dijo: Tina Guzej, Nency Stoilkov, Eva Babi\u0107, Maja Kljaji\u0107, Elma Halilovi\u0107; manjka Hana Majeti\u0107<\/em><\/span><\/p>\n<h2>2020\/2021<\/h2>\n<p>Ekipa je nastopala v 2.dol zahod pod vodstvom trenerja Mitje Ku\u0161arja.<\/p>\n<p><img loading=\"lazy\" class=\"alignnone size-large wp-image-1416\" src=\"https:\/\/www.odbojkapiran.si\/wp-content\/uploads\/2020\/10\/20201008_skupinska-1024x768.jpg\" alt=\"\" width=\"620\" height=\"465\" srcset=\"https:\/\/www.odbojkapiran.si\/wp-content\/uploads\/2020\/10\/20201008_skupinska-1024x768.jpg 1024w, https:\/\/www.odbojkapiran.si\/wp-content\/uploads\/2020\/10\/20201008_skupinska-300x225.jpg 300w, https:\/\/www.odbojkapiran.si\/wp-content\/uploads\/2020\/10\/20201008_skupinska-768x576.jpg 768w, https:\/\/www.odbojkapiran.si\/wp-content\/uploads\/2020\/10\/20201008_skupinska-507x380.jpg 507w\" sizes=\"(max-width: 620px) 100vw, 620px\" \/><\/p>\n<p><em><span style=\"font-size: 10pt;\">Stojijo: Dorotea Volk, Tia Cesar, Deizy Memi\u0107, Sara Grdina, Assia Memi\u0107, Andrea Dubaji\u0107, trener Mitja Ku\u0161ar<\/span><\/em><br \/>\n<em><span style=\"font-size: 10pt;\">kle\u010dijo: Nana Bedek, Taja Poropat,\u00a0 Sanja Be\u010daj, Anja Ku\u0161ar\u00a0 <\/span><\/em><br \/>\n<em><span style=\"font-size: 10pt;\">manjkajo: Arijana Lucas, Nika Jerkovi\u0107, Eva Susman, Julija Kenda, Lana Po\u017ear<\/span><\/em><\/p>\n<p>Trenerji v \u0160D Piran:<\/p>\n<ul>\n<li>Ljudmila Stef\u010deva Breulj, prof. \u0161por. vzg.<\/li>\n<li>\u017deljko Rulofs, trener<\/li>\n<li>Sergej Jakomin, trener<\/li>\n<li>Albis Petreti\u010d, prof. \u0161por. vzg.<\/li>\n<li>Milovan Buli\u010d, prof. \u0161port. vzg.<\/li>\n<li>Alenka Kolo\u0161a, vaditeljica<\/li>\n<li>Goran Jovi\u010di\u010d,\u00a0 trener<\/li>\n<li>Bogdan Pajek, trener<\/li>\n<li>Mitja Ku\u0161ar, trener<\/li>\n<\/ul>\n<\/article>\n<\/div>\n<\/div>\n<div id=\"close\"><\/div>\n","protected":false},"excerpt":{"rendered":"<p>This is just a short excerpt for the about&nbsp;page.<\/p>\n","protected":false},"author":1,"featured_media":0,"parent":0,"menu_order":1,"comment_status":"closed","ping_status":"closed","template":"","meta":[],"_links":{"self":[{"href":"https:\/\/www.odbojkapiran.si\/index.php?rest_route=\/wp\/v2\/pages\/9"}],"collection":[{"href":"https:\/\/www.odbojkapiran.si\/index.php?rest_route=\/wp\/v2\/pages"}],"about":[{"href":"https:\/\/www.odbojkapiran.si\/index.php?rest_route=\/wp\/v2\/types\/page"}],"author":[{"embeddable":true,"href":"https:\/\/www.odbojkapiran.si\/index.php?rest_route=\/wp\/v2\/users\/1"}],"replies":[{"embeddable":true,"href":"https:\/\/www.odbojkapiran.si\/index.php?rest_route=%2Fwp%2Fv2%2Fcomments&post=9"}],"version-history":[{"count":12,"href":"https:\/\/www.odbojkapiran.si\/index.php?rest_route=\/wp\/v2\/pages\/9\/revisions"}],"predecessor-version":[{"id":1486,"href":"https:\/\/www.odbojkapiran.si\/index.php?rest_route=\/wp\/v2\/pages\/9\/revisions\/1486"}],"wp:attachment":[{"href":"https:\/\/www.odbojkapiran.si\/index.php?rest_route=%2Fwp%2Fv2%2Fmedia&parent=9"}],"curies":[{"name":"wp","href":"https:\/\/api.w.org\/{rel}","templated":true}]}}