{"id":72,"date":"2017-09-09T17:00:34","date_gmt":"2017-09-09T17:00:34","guid":{"rendered":"https:\/\/odbojkapiran.wordpress.com\/?page_id=72"},"modified":"2018-04-17T15:27:26","modified_gmt":"2018-04-17T13:27:26","slug":"clanska-ekipa","status":"publish","type":"page","link":"https:\/\/www.odbojkapiran.si\/?page_id=72","title":{"rendered":"\u010clanska ekipa &#8211; 2. DOL zahod"},"content":{"rendered":"<p><!--more--><\/p>\n<h1>EKIPA<\/h1>\n<p><img loading=\"lazy\" class=\"alignnone size-full wp-image-467\" src=\"http:\/\/www.odbojkapiran.si\/wp-content\/uploads\/2017\/11\/IMG_4275a.jpg\" alt=\"\" width=\"998\" height=\"658\" srcset=\"https:\/\/www.odbojkapiran.si\/wp-content\/uploads\/2017\/11\/IMG_4275a.jpg 998w, https:\/\/www.odbojkapiran.si\/wp-content\/uploads\/2017\/11\/IMG_4275a-300x198.jpg 300w, https:\/\/www.odbojkapiran.si\/wp-content\/uploads\/2017\/11\/IMG_4275a-768x506.jpg 768w, https:\/\/www.odbojkapiran.si\/wp-content\/uploads\/2017\/11\/IMG_4275a-576x380.jpg 576w\" sizes=\"(max-width: 998px) 100vw, 998px\" \/><\/p>\n<h1>TRENINGI<\/h1>\n<table style=\"width: 350px;\">\n<tbody>\n<tr>\n<td style=\"text-align: center;\">pon<\/td>\n<td style=\"text-align: center;\">tor<\/td>\n<td style=\"text-align: center;\">sre<\/td>\n<td style=\"text-align: center;\">\u010det<\/td>\n<td style=\"text-align: center;\">pet<\/td>\n<\/tr>\n<tr>\n<td style=\"text-align: center;\">18:30<br \/>\n&#8211; 20:30<\/td>\n<td style=\"text-align: center;\">18:30<br \/>\n&#8211; 20:30<\/td>\n<td style=\"text-align: center;\">16:30<br \/>\n&#8211; 18:00<\/td>\n<td style=\"text-align: center;\">18:30<br \/>\n&#8211; 20:30<\/td>\n<td style=\"text-align: center;\">19:00<br \/>\n&#8211; 20:30<\/td>\n<\/tr>\n<tr>\n<td style=\"text-align: center;\">\u00a0Lucija<\/td>\n<td style=\"text-align: center;\">\u00a0Lucija<\/td>\n<td style=\"text-align: center;\">\u00a0Piran<\/td>\n<td style=\"text-align: center;\">\u00a0Lucija<\/td>\n<td style=\"text-align: center;\">\u00a0Lucija<\/td>\n<\/tr>\n<\/tbody>\n<\/table>\n<p>&nbsp;<\/p>\n<h1>LESTVICA &#8211; kon\u010dna (2017\/2018)<\/h1>\n<table class=\"border3 table_standings\" border=\"0\" width=\"560\" cellspacing=\"0\" cellpadding=\"0\">\n<tbody>\n<tr>\n<td style=\"text-align: center;\" colspan=\"3\"><\/td>\n<td style=\"text-align: center;\" colspan=\"2\">Tekme<\/td>\n<td style=\"text-align: center;\" colspan=\"3\">Seti<\/td>\n<\/tr>\n<tr>\n<th style=\"text-align: center;\" width=\"40\">poz.<\/th>\n<th style=\"text-align: center;\" width=\"145\">ekipa<\/th>\n<th style=\"text-align: center;\" width=\"45\">to\u010dke<\/th>\n<th style=\"text-align: center;\" width=\"34\">zm.<\/th>\n<th style=\"text-align: center;\" width=\"34\">izg.<\/th>\n<th style=\"text-align: center;\" width=\"36\">zm.<\/th>\n<th style=\"text-align: center;\" width=\"36\">izg.<\/th>\n<th style=\"text-align: center;\" width=\"50\">koli\u010dnik<\/th>\n<\/tr>\n<tr>\n<td width=\"40\">1<\/td>\n<td width=\"145\">ATK Grosuplje<\/td>\n<td style=\"text-align: center;\" width=\"45\">59<\/td>\n<td style=\"text-align: center;\" width=\"34\">20<\/td>\n<td style=\"text-align: center;\" width=\"34\">2<\/td>\n<td style=\"text-align: center;\" width=\"36\">62<\/td>\n<td style=\"text-align: center;\" width=\"36\">16<\/td>\n<td style=\"text-align: center;\" width=\"50\">3,875<\/td>\n<\/tr>\n<tr>\n<td width=\"40\">2<\/td>\n<td width=\"145\">Calcit Volley II<\/td>\n<td style=\"text-align: center;\" width=\"45\">57<\/td>\n<td style=\"text-align: center;\" width=\"34\">19<\/td>\n<td style=\"text-align: center;\" width=\"34\">3<\/td>\n<td style=\"text-align: center;\" width=\"36\">59<\/td>\n<td style=\"text-align: center;\" width=\"36\">21<\/td>\n<td style=\"text-align: center;\" width=\"50\">2,810<\/td>\n<\/tr>\n<tr>\n<td width=\"40\">3<\/td>\n<td width=\"145\">Krim PIRNAR doors<\/td>\n<td style=\"text-align: center;\" width=\"45\">48<\/td>\n<td style=\"text-align: center;\" width=\"34\">17<\/td>\n<td style=\"text-align: center;\" width=\"34\">5<\/td>\n<td style=\"text-align: center;\" width=\"36\">54<\/td>\n<td style=\"text-align: center;\" width=\"36\">25<\/td>\n<td style=\"text-align: center;\" width=\"50\">2,160<\/td>\n<\/tr>\n<tr>\n<td width=\"40\">4<\/td>\n<td width=\"145\">\u017dOK Triglav Kranj<\/td>\n<td style=\"text-align: center;\" width=\"45\">47<\/td>\n<td style=\"text-align: center;\" width=\"34\">15<\/td>\n<td style=\"text-align: center;\" width=\"34\">7<\/td>\n<td style=\"text-align: center;\" width=\"36\">52<\/td>\n<td style=\"text-align: center;\" width=\"36\">29<\/td>\n<td style=\"text-align: center;\" width=\"50\">1,793<\/td>\n<\/tr>\n<tr>\n<td width=\"40\">5<\/td>\n<td width=\"145\">\u017dOK Partizan \u0160k.Loka<\/td>\n<td style=\"text-align: center;\" width=\"45\">43<\/td>\n<td style=\"text-align: center;\" width=\"34\">14<\/td>\n<td style=\"text-align: center;\" width=\"34\">8<\/td>\n<td style=\"text-align: center;\" width=\"36\">50<\/td>\n<td style=\"text-align: center;\" width=\"36\">28<\/td>\n<td style=\"text-align: center;\" width=\"50\">1,786<\/td>\n<\/tr>\n<tr style=\"background-color: #5ba5f0;\">\n<td width=\"40\">6<\/td>\n<td width=\"145\">Piran<\/td>\n<td style=\"text-align: center;\" width=\"45\">34<\/td>\n<td style=\"text-align: center;\" width=\"34\">11<\/td>\n<td style=\"text-align: center;\" width=\"34\">11<\/td>\n<td style=\"text-align: center;\" width=\"36\">42<\/td>\n<td style=\"text-align: center;\" width=\"36\">36<\/td>\n<td style=\"text-align: center;\" width=\"50\">1,167<\/td>\n<\/tr>\n<tr>\n<td width=\"40\">7<\/td>\n<td width=\"145\">\u017dOK \u0160entvid \u017dlindra<\/td>\n<td style=\"text-align: center;\" width=\"45\">34<\/td>\n<td style=\"text-align: center;\" width=\"34\">11<\/td>\n<td style=\"text-align: center;\" width=\"34\">11<\/td>\n<td style=\"text-align: center;\" width=\"36\">40<\/td>\n<td style=\"text-align: center;\" width=\"36\">38<\/td>\n<td style=\"text-align: center;\" width=\"50\">1,053<\/td>\n<\/tr>\n<tr>\n<td width=\"40\">8<\/td>\n<td width=\"145\">SIP \u0160empeter<\/td>\n<td style=\"text-align: center;\" width=\"45\">32<\/td>\n<td style=\"text-align: center;\" width=\"34\">11<\/td>\n<td style=\"text-align: center;\" width=\"34\">11<\/td>\n<td style=\"text-align: center;\" width=\"36\">40<\/td>\n<td style=\"text-align: center;\" width=\"36\">39<\/td>\n<td style=\"text-align: center;\" width=\"50\">1,026<\/td>\n<\/tr>\n<tr>\n<td width=\"40\">9<\/td>\n<td width=\"145\">Vital Ljubljana<\/td>\n<td style=\"text-align: center;\" width=\"45\">20<\/td>\n<td style=\"text-align: center;\" width=\"34\">7<\/td>\n<td style=\"text-align: center;\" width=\"34\">15<\/td>\n<td style=\"text-align: center;\" width=\"36\">30<\/td>\n<td style=\"text-align: center;\" width=\"36\">51<\/td>\n<td style=\"text-align: center;\" width=\"50\">0,588<\/td>\n<\/tr>\n<tr>\n<td width=\"40\">10<\/td>\n<td width=\"145\">Novo mesto<\/td>\n<td style=\"text-align: center;\" width=\"45\">10<\/td>\n<td style=\"text-align: center;\" width=\"34\">4<\/td>\n<td style=\"text-align: center;\" width=\"34\">18<\/td>\n<td style=\"text-align: center;\" width=\"36\">15<\/td>\n<td style=\"text-align: center;\" width=\"36\">60<\/td>\n<td style=\"text-align: center;\" width=\"50\">0,250<\/td>\n<\/tr>\n<tr>\n<td width=\"40\">11<\/td>\n<td width=\"145\">Aquawatt \u017dirovnica<\/td>\n<td style=\"text-align: center;\" width=\"45\">6<\/td>\n<td style=\"text-align: center;\" width=\"34\">2<\/td>\n<td style=\"text-align: center;\" width=\"34\">20<\/td>\n<td style=\"text-align: center;\" width=\"36\">13<\/td>\n<td style=\"text-align: center;\" width=\"36\">64<\/td>\n<td style=\"text-align: center;\" width=\"50\">0,203<\/td>\n<\/tr>\n<tr>\n<td width=\"40\">12<\/td>\n<td width=\"145\">Kostak Elmont<\/td>\n<td style=\"text-align: center;\" width=\"45\">6<\/td>\n<td style=\"text-align: center;\" width=\"34\">1<\/td>\n<td style=\"text-align: center;\" width=\"34\">21<\/td>\n<td style=\"text-align: center;\" width=\"36\">13<\/td>\n<td style=\"text-align: center;\" width=\"36\">63<\/td>\n<td style=\"text-align: center;\" width=\"50\">0,206<\/td>\n<\/tr>\n<\/tbody>\n<\/table>\n<p><a href=\"http:\/\/stara.odbojka.si\/tekmovanja2017\/2017_dol\/2017_2ZZ\/2017_2ZZ_rezultati\" target=\"_blank\" rel=\"noopener\">Ve\u010d na odbojka.si&#8230;<\/a><\/p>\n<h1>REZULTATI<\/h1>\n<table style=\"width: 100%;\">\n<tbody>\n<tr>\n<td>Piran :\u00a0\u017dOK \u0160entvid \u017dlindra<\/td>\n<td>1:3<\/td>\n<td>(25:21, 21:25, 23:25, 17:25)<\/td>\n<td><\/td>\n<\/tr>\n<tr>\n<td>Kostak Elmont : Piran<\/td>\n<td>0:3<\/td>\n<td>(24:26, 18:25, 23:25)<\/td>\n<td>\ud83d\ude00<\/td>\n<\/tr>\n<tr>\n<td>Piran\u00a0: Novo mesto<\/td>\n<td>3:0<\/td>\n<td>(25:17, 25:22, 25:11)<\/td>\n<td>\ud83d\ude00<\/td>\n<\/tr>\n<tr>\n<td>\u017dOK Partizan\u00a0\u0160kofja Loka : Piran<\/td>\n<td>3:1<\/td>\n<td>(25:23, 26:28, 25:14, 25:21)<\/td>\n<td><\/td>\n<\/tr>\n<tr>\n<td>Piran : \u017dOK Triglav Kranj<\/td>\n<td>1:3<\/td>\n<td>(22:25, 25:18, 18:25, 24:26)<\/td>\n<td><\/td>\n<\/tr>\n<tr>\n<td>Aquawatt \u017dirovnica : Piran<\/td>\n<td>0:3<\/td>\n<td>(12:25, 24:26, 16:25)<\/td>\n<td>\ud83d\ude00<\/td>\n<\/tr>\n<tr>\n<td>Piran : Krim PIRNAR doors<\/td>\n<td>3:1<\/td>\n<td>(25:15, 25:20, 18:25, 25:15)<\/td>\n<td>\ud83d\ude00<\/td>\n<\/tr>\n<tr>\n<td>ATK Grosuplje : Piran<\/td>\n<td>3:0<\/td>\n<td>(25:17, 25:16, 26:24)<\/td>\n<td><\/td>\n<\/tr>\n<tr>\n<td>Piran : Vital Ljubljana<\/td>\n<td>3:1<\/td>\n<td>(25:12, 25:16, 20:25, 26:24)<\/td>\n<td>\ud83d\ude00<\/td>\n<\/tr>\n<tr>\n<td>Calcit Volley II : Piran<\/td>\n<td>3:1<\/td>\n<td>(25:22, 25:19, 24:26, 25:18)<\/td>\n<td><\/td>\n<\/tr>\n<tr>\n<td>Piran : SIP \u0160empeter<\/td>\n<td>3:0<\/td>\n<td>(25:14, 25:20, 25:19)<\/td>\n<td>\ud83d\ude00<\/td>\n<\/tr>\n<tr>\n<td>\u017dOK \u0160entvid \u017dlindra : Piran<\/td>\n<td>3:0<\/td>\n<td>(25:14,25:20,25:23)<\/td>\n<td><\/td>\n<\/tr>\n<tr>\n<td>Piran : Kostak Elmont<\/td>\n<td>3:0<\/td>\n<td>(25:14,25:19,25:16 )<\/td>\n<td>\ud83d\ude00<\/td>\n<\/tr>\n<tr>\n<td>Novo mesto : Piran<\/td>\n<td>1:3<\/td>\n<td>(18:25,25:18,25:27,21:25)<\/td>\n<td>\ud83d\ude00<\/td>\n<\/tr>\n<tr>\n<td>Piran : \u017dOK Partizan\u00a0\u0160kofja Loka<\/td>\n<td>2:3<\/td>\n<td>(25:20, 11:25, 20:25, 25:22, 4:15)<\/td>\n<td><\/td>\n<\/tr>\n<tr>\n<td>\u017dOK Triglav Kranj : Piran<\/td>\n<td>3:1<\/td>\n<td>(15:25,25:15,25:21,25:20)<\/td>\n<td><\/td>\n<\/tr>\n<tr>\n<td>Piran : Aquawatt \u017dirovnica<\/td>\n<td>3:0<\/td>\n<td>(25:13,25:15,25:11)<\/td>\n<td>\ud83d\ude00<\/td>\n<\/tr>\n<tr>\n<td>Krim PIRNAR doors : Piran<\/td>\n<td>3:0<\/td>\n<td>(25:12,25:20,25:22)<\/td>\n<td><\/td>\n<\/tr>\n<tr>\n<td>Piran : ATK Grosuplje<\/td>\n<td>1:3<\/td>\n<td>(25:23,12:25,19:25,28:30)<\/td>\n<td><\/td>\n<\/tr>\n<tr>\n<td>Vital Ljubljana : Piran<\/td>\n<td>0:3<\/td>\n<td>(22:25,25:27,23:25)<\/td>\n<td>\ud83d\ude00<\/td>\n<\/tr>\n<tr>\n<td>Piran : Calcit Volley II<\/td>\n<td>1:3<\/td>\n<td>(17:25,25:21,15:25,23:25)<\/td>\n<td><\/td>\n<\/tr>\n<tr>\n<td>SIP \u0160empeter : Piran<\/td>\n<td>0:3<\/td>\n<td>(18:25, 16:25, 17:25)<\/td>\n<td>\ud83d\ude00<\/td>\n<\/tr>\n<\/tbody>\n<\/table>\n<p><a href=\"http:\/\/stara.odbojka.si\/tekmovanja2017\/2017_dol\/2017_2ZZ\/2017_2ZZ_vsi\" target=\"_blank\" rel=\"noopener\">Vsi rezultati &#8230;<\/a><\/p>\n<h1>KOLEDAR TEKEM<\/h1>\n<p>[ai1ec cat_name=&#8221;2zz&#8221; , events_limit=&#8221;5&#8243;, view=&#8221;agenda&#8221;]<\/p>\n","protected":false},"excerpt":{"rendered":"","protected":false},"author":1,"featured_media":482,"parent":18,"menu_order":1,"comment_status":"closed","ping_status":"closed","template":"","meta":[],"_links":{"self":[{"href":"https:\/\/www.odbojkapiran.si\/index.php?rest_route=\/wp\/v2\/pages\/72"}],"collection":[{"href":"https:\/\/www.odbojkapiran.si\/index.php?rest_route=\/wp\/v2\/pages"}],"about":[{"href":"https:\/\/www.odbojkapiran.si\/index.php?rest_route=\/wp\/v2\/types\/page"}],"author":[{"embeddable":true,"href":"https:\/\/www.odbojkapiran.si\/index.php?rest_route=\/wp\/v2\/users\/1"}],"replies":[{"embeddable":true,"href":"https:\/\/www.odbojkapiran.si\/index.php?rest_route=%2Fwp%2Fv2%2Fcomments&post=72"}],"version-history":[{"count":60,"href":"https:\/\/www.odbojkapiran.si\/index.php?rest_route=\/wp\/v2\/pages\/72\/revisions"}],"predecessor-version":[{"id":631,"href":"https:\/\/www.odbojkapiran.si\/index.php?rest_route=\/wp\/v2\/pages\/72\/revisions\/631"}],"up":[{"embeddable":true,"href":"https:\/\/www.odbojkapiran.si\/index.php?rest_route=\/wp\/v2\/pages\/18"}],"wp:featuredmedia":[{"embeddable":true,"href":"https:\/\/www.odbojkapiran.si\/index.php?rest_route=\/wp\/v2\/media\/482"}],"wp:attachment":[{"href":"https:\/\/www.odbojkapiran.si\/index.php?rest_route=%2Fwp%2Fv2%2Fmedia&parent=72"}],"curies":[{"name":"wp","href":"https:\/\/api.w.org\/{rel}","templated":true}]}}