{"id":502,"date":"2017-12-01T09:46:59","date_gmt":"2017-12-01T07:46:59","guid":{"rendered":"http:\/\/www.odbojkapiran.si\/?page_id=502"},"modified":"2019-12-17T17:37:36","modified_gmt":"2019-12-17T16:37:36","slug":"za-sponzorje","status":"publish","type":"page","link":"https:\/\/www.odbojkapiran.si\/?page_id=502","title":{"rendered":"Za sponzorje in donatorje"},"content":{"rendered":"<div id=\"pl-502\"  class=\"panel-layout\" >\n<div id=\"pg-502-0\"  class=\"panel-grid panel-no-style\" >\n<div id=\"pgc-502-0-0\"  class=\"panel-grid-cell\"  data-weight=\"1\" >\n<div id=\"panel-502-0-0-0\" class=\"so-panel widget widget_sow-editor panel-first-child panel-last-child\" data-index=\"0\" data-style=\"{&quot;background_image_attachment&quot;:false,&quot;background_display&quot;:&quot;tile&quot;}\" >\n<div class=\"so-widget-sow-editor so-widget-sow-editor-base\">\n<div class=\"siteorigin-widget-tinymce textwidget\">\n<h3>Obrazec za namenitev dela dohodnine<\/h3>\n<div class=\"page\" title=\"Page 1\">\n<div class=\"layoutArea\">\n<div class=\"column\">\n<p style=\"text-align: justify;\">V skladu s 142. \u010dlenom Zakona o dohodnini lahko dav\u010dni zavezanec zahteva, da se do 0,5% dohodnine, odmerjene po tem zakonu od dohodkov, ki se v\u0161tevajo v letno dav\u010dno osnovo, nameni za financiranje splo\u0161no- koristnih namenov, kot so npr. dru\u0161tvo, zveza dru\u0161tev&#8230;<\/p>\n<p style=\"text-align: justify;\"><strong>Med upravi\u010denci, katerim je mogo\u010de nameniti del dohodnine, je tudi \u0160portno dru\u0161tvo Piran<\/strong>. <strong>Za namen odbojke je mogo\u010de nameniti do 0,5% dohodnine<\/strong>. <a href=\"https:\/\/www.odbojkapiran.si\/wp-content\/uploads\/2019\/11\/dohodnina-obrazec.pdf\">Izpolnjeno zahtevo<\/a> se po\u0161lje na pristojni dav\u010dni urad, lahko pa jo oddate trenerju ali po\u0161ljete na naslov \u0160portno dru\u0161tvo Piran, Kajuhova 12, 6330 Piran, ki bo zahtevo posredovalo naprej. Dav\u010dni zavezanec lahko zahtevo za namenitev dela dohodnine odda tudi preko sistema eDavki na spletni strani <a href=\"https:\/\/edavki.durs.si\/\">edavki.durs.si<\/a>, pisno ali ustno na zapisnik pri dav\u010dnem organu.<\/p>\n<p style=\"text-align: justify;\">Dav\u010dni organ upo\u0161teva veljavne zahteve, s katerimi razpolaga na dan 31. decembra leta, za katero se dohodnina odmerja. Zahteva velja do trenutka, ko dav\u010dni organ prejme novo zahtevo ali preklic zahteve.<\/p>\n<p style=\"text-align: justify;\"><strong>Tako zbrana sredstva nam bodo pomagala pri izvedbi na\u0161ega programa in bodo hkrati tudi moralna podpora, da vztrajamo na za\u010drtani poti. Veseli bomo, \u010de pro\u0161njo posredujete tudi svojim najbli\u017ejim in prijateljem.<\/strong><\/p>\n<\/div>\n<\/div>\n<\/div>\n<p><strong>Hvala za va\u0161o podporo!<\/strong><\/p>\n<p><a href=\"https:\/\/www.odbojkapiran.si\/wp-content\/uploads\/2019\/11\/dohodnina-obrazec.pdf\" target=\"_blank\" rel=\"noopener\">Klikni SEM za prenos OBRAZCA<\/a><\/p>\n<p><strong>Postopek oddaje vloge preko eDavkov:<\/strong><br \/>\nPojdite na spletno stran\u00a0<a href=\"https:\/\/edavki.durs.si\/\">https:\/\/edavki.durs.si\/<\/a>, prijavite v sistem, kliknite na &#8220;Dokumenti&#8221; ter izberite obrazec &#8220;Doh-Don&#8221; ali kliknite na: <a href=\"https:\/\/edavki.durs.si\/EdavkiPortal\/PersonalPortal\/CommonPages\/Documents\/New.aspx?formType=Doh_Don\">Zahteva za namenitev dela dohodnine za donacije<\/a>.<br \/>\nVpi\u0161ite dav\u010dno \u0161t. na\u0161ega dru\u0161tva: <strong>96829818<\/strong> in odstotek, ki nam ga namenjate npr. <strong>0,5<\/strong>. ter oddajte in elektronsko podpi\u0161ite vlogo. Hvala!<\/p>\n<hr \/>\n<h3>2018<\/h3>\n<p><a href=\"http:\/\/www.odbojkapiran.si\/wp-content\/uploads\/2018\/05\/brosura_2018_slo.pdf\">Bro\u0161ura 2018 v sloven\u0161\u010dini<\/a><\/p>\n<hr \/>\n<h3>2017<\/h3>\n<p><a href=\"http:\/\/www.odbojkapiran.si\/wp-content\/uploads\/2017\/12\/SLO_SD_Piran_brosura.pdf\" target=\"_blank\" rel=\"noopener\">Bro\u0161ura 2017 v sloven\u0161\u010dini<\/a><\/p>\n<p><a href=\"http:\/\/www.odbojkapiran.si\/wp-content\/uploads\/2017\/12\/ITA_SD_Piran_brosura.pdf\" target=\"_blank\" rel=\"noopener\">Bro\u0161ura 2017 v italijan\u0161\u010dini<\/a><\/p>\n<p><a href=\"http:\/\/www.odbojkapiran.si\/wp-content\/uploads\/2017\/12\/ANG_SD_Piran_brosura.pdf\" target=\"_blank\" rel=\"noopener\">Bro\u0161ura 2017 v angle\u0161\u010dini<\/a><\/p>\n<hr \/>\n<h3>LOGOTIP<\/h3>\n<p><a href=\"https:\/\/www.odbojkapiran.si\/wp-content\/uploads\/2019\/09\/grb_sd_piran_barvni.png\" target=\"_blank\" rel=\"noopener\"><img loading=\"lazy\" class=\"alignnone wp-image-1240 size-thumbnail\" src=\"https:\/\/www.odbojkapiran.si\/wp-content\/uploads\/2019\/09\/grb_sd_piran_barvni-150x150.png\" alt=\"Logotip \u0160D Piran\" width=\"150\" height=\"150\" srcset=\"https:\/\/www.odbojkapiran.si\/wp-content\/uploads\/2019\/09\/grb_sd_piran_barvni-150x150.png 150w, https:\/\/www.odbojkapiran.si\/wp-content\/uploads\/2019\/09\/grb_sd_piran_barvni-300x300.png 300w, https:\/\/www.odbojkapiran.si\/wp-content\/uploads\/2019\/09\/grb_sd_piran_barvni-768x764.png 768w, https:\/\/www.odbojkapiran.si\/wp-content\/uploads\/2019\/09\/grb_sd_piran_barvni-1024x1019.png 1024w, https:\/\/www.odbojkapiran.si\/wp-content\/uploads\/2019\/09\/grb_sd_piran_barvni-90x90.png 90w, https:\/\/www.odbojkapiran.si\/wp-content\/uploads\/2019\/09\/grb_sd_piran_barvni-382x380.png 382w, https:\/\/www.odbojkapiran.si\/wp-content\/uploads\/2019\/09\/grb_sd_piran_barvni.png 1060w\" sizes=\"(max-width: 150px) 100vw, 150px\" \/><\/a><\/p>\n<p>Prosimo vas, da nas v primeru uporabe logotipa o tem predhodno obvestite.<br \/>\nUporaba logotipa brez na\u0161ega soglasja ni dovoljena.<\/p>\n<\/div>\n<\/div>\n<\/div>\n<\/div>\n<\/div>\n<\/div>\n<style type=\"text\/css\" class=\"panels-style\" data-panels-style-for-post=\"502\">@import url(https:\/\/www.odbojkapiran.si\/wp-content\/plugins\/siteorigin-panels\/css\/front-flex.min.css); #pgc-502-0-0 { width:100%;width:calc(100% - ( 0 * 30px ) ) } #pl-502 #panel-502-0-0-0 {  } #pl-502 .so-panel { margin-bottom:30px } #pl-502 .so-panel:last-child { margin-bottom:0px } @media (max-width:780px){ #pg-502-0.panel-no-style, #pg-502-0.panel-has-style > .panel-row-style { -webkit-flex-direction:column;-ms-flex-direction:column;flex-direction:column } #pg-502-0 .panel-grid-cell { margin-right:0 } #pg-502-0 .panel-grid-cell { width:100% } #pl-502 .panel-grid-cell { padding:0 } #pl-502 .panel-grid .panel-grid-cell-empty { display:none } #pl-502 .panel-grid .panel-grid-cell-mobile-last { margin-bottom:0px }  } <\/style>\n","protected":false},"excerpt":{"rendered":"<p>Obrazec za namenitev dela dohodnine V skladu s 142. \u010dlenom Zakona o dohodnini lahko dav\u010dni zavezanec zahteva, da se do 0,5% dohodnine, odmerjene po tem zakonu od dohodkov, ki se v\u0161tevajo v letno dav\u010dno osnovo, nameni za financiranje splo\u0161no- koristnih namenov, kot so npr. dru\u0161tvo, zveza dru\u0161tev&#8230; Med upravi\u010denci, katerim je mogo\u010de nameniti del dohodnine, [&hellip;]<\/p>\n","protected":false},"author":1,"featured_media":0,"parent":0,"menu_order":0,"comment_status":"closed","ping_status":"closed","template":"","meta":[],"_links":{"self":[{"href":"https:\/\/www.odbojkapiran.si\/index.php?rest_route=\/wp\/v2\/pages\/502"}],"collection":[{"href":"https:\/\/www.odbojkapiran.si\/index.php?rest_route=\/wp\/v2\/pages"}],"about":[{"href":"https:\/\/www.odbojkapiran.si\/index.php?rest_route=\/wp\/v2\/types\/page"}],"author":[{"embeddable":true,"href":"https:\/\/www.odbojkapiran.si\/index.php?rest_route=\/wp\/v2\/users\/1"}],"replies":[{"embeddable":true,"href":"https:\/\/www.odbojkapiran.si\/index.php?rest_route=%2Fwp%2Fv2%2Fcomments&post=502"}],"version-history":[{"count":27,"href":"https:\/\/www.odbojkapiran.si\/index.php?rest_route=\/wp\/v2\/pages\/502\/revisions"}],"predecessor-version":[{"id":1316,"href":"https:\/\/www.odbojkapiran.si\/index.php?rest_route=\/wp\/v2\/pages\/502\/revisions\/1316"}],"wp:attachment":[{"href":"https:\/\/www.odbojkapiran.si\/index.php?rest_route=%2Fwp%2Fv2%2Fmedia&parent=502"}],"curies":[{"name":"wp","href":"https:\/\/api.w.org\/{rel}","templated":true}]}}