{"id":17,"date":"2017-08-31T12:17:29","date_gmt":"2017-08-31T12:17:29","guid":{"rendered":"https:\/\/odbojkapiran.wordpress.com\/?page_id=17"},"modified":"2019-10-15T23:04:42","modified_gmt":"2019-10-15T21:04:42","slug":"home-page","status":"publish","type":"page","link":"https:\/\/www.odbojkapiran.si\/","title":{"rendered":"\u0160D Piran"},"content":{"rendered":"<div id=\"pl-17\"  class=\"panel-layout\" >\n<div id=\"pg-17-0\"  class=\"panel-grid panel-no-style\" >\n<div id=\"pgc-17-0-0\"  class=\"panel-grid-cell\"  data-weight=\"1\" >\n<div id=\"panel-17-0-0-0\" class=\"so-panel widget widget_sow-editor panel-first-child panel-last-child\" data-index=\"0\" data-style=\"{&quot;background_image_attachment&quot;:false,&quot;background_display&quot;:&quot;tile&quot;}\" >\n<div class=\"so-widget-sow-editor so-widget-sow-editor-base\">\n<div class=\"siteorigin-widget-tinymce textwidget\">\n<p>Dobrodo\u0161li na uradni spletni strani <br \/>\u0160portnega dru\u0161tva Piran &#8211; odbojkarska sekcija.<\/p>\n<\/div>\n<\/div>\n<\/div>\n<\/div>\n<\/div>\n<div id=\"pg-17-1\"  class=\"panel-grid panel-no-style\"  data-style=\"{&quot;background_image_attachment&quot;:false,&quot;background_display&quot;:&quot;tile&quot;,&quot;cell_alignment&quot;:&quot;flex-start&quot;}\"  data-ratio=\"1\"  data-ratio-direction=\"right\" >\n<div id=\"pgc-17-1-0\"  class=\"panel-grid-cell panel-grid-cell-empty\"  data-weight=\"1\" ><\/div>\n<\/div>\n<\/div>\n<style type=\"text\/css\" class=\"panels-style\" data-panels-style-for-post=\"17\">@import url(https:\/\/www.odbojkapiran.si\/wp-content\/plugins\/siteorigin-panels\/css\/front-flex.min.css); #pgc-17-0-0 , #pgc-17-1-0 { width:100%;width:calc(100% - ( 0 * 30px ) ) } #pl-17 #panel-17-0-0-0 {  } #pg-17-0 , #pl-17 .so-panel { margin-bottom:30px } #pl-17 .so-panel:last-child { margin-bottom:0px } #pg-17-1.panel-no-style, #pg-17-1.panel-has-style > .panel-row-style { -webkit-align-items:flex-start;align-items:flex-start } @media (max-width:780px){ #pg-17-0.panel-no-style, #pg-17-0.panel-has-style > .panel-row-style , #pg-17-1.panel-no-style, #pg-17-1.panel-has-style > .panel-row-style { -webkit-flex-direction:column;-ms-flex-direction:column;flex-direction:column } #pg-17-0 .panel-grid-cell , #pg-17-1 .panel-grid-cell { margin-right:0 } #pg-17-0 .panel-grid-cell , #pg-17-1 .panel-grid-cell { width:100% } #pl-17 .panel-grid-cell { padding:0 } #pl-17 .panel-grid .panel-grid-cell-empty { display:none } #pl-17 .panel-grid .panel-grid-cell-mobile-last { margin-bottom:0px }  } <\/style>\n","protected":false},"excerpt":{"rendered":"<p>Dobrodo\u0161li na uradni spletni strani \u0160portnega dru\u0161tva Piran &#8211; odbojkarska sekcija.<\/p>\n","protected":false},"author":1,"featured_media":1266,"parent":0,"menu_order":0,"comment_status":"closed","ping_status":"closed","template":"page-templates\/front-page.php","meta":[],"_links":{"self":[{"href":"https:\/\/www.odbojkapiran.si\/index.php?rest_route=\/wp\/v2\/pages\/17"}],"collection":[{"href":"https:\/\/www.odbojkapiran.si\/index.php?rest_route=\/wp\/v2\/pages"}],"about":[{"href":"https:\/\/www.odbojkapiran.si\/index.php?rest_route=\/wp\/v2\/types\/page"}],"author":[{"embeddable":true,"href":"https:\/\/www.odbojkapiran.si\/index.php?rest_route=\/wp\/v2\/users\/1"}],"replies":[{"embeddable":true,"href":"https:\/\/www.odbojkapiran.si\/index.php?rest_route=%2Fwp%2Fv2%2Fcomments&post=17"}],"version-history":[{"count":34,"href":"https:\/\/www.odbojkapiran.si\/index.php?rest_route=\/wp\/v2\/pages\/17\/revisions"}],"predecessor-version":[{"id":1275,"href":"https:\/\/www.odbojkapiran.si\/index.php?rest_route=\/wp\/v2\/pages\/17\/revisions\/1275"}],"wp:featuredmedia":[{"embeddable":true,"href":"https:\/\/www.odbojkapiran.si\/index.php?rest_route=\/wp\/v2\/media\/1266"}],"wp:attachment":[{"href":"https:\/\/www.odbojkapiran.si\/index.php?rest_route=%2Fwp%2Fv2%2Fmedia&parent=17"}],"curies":[{"name":"wp","href":"https:\/\/api.w.org\/{rel}","templated":true}]}}