{"id":1507,"date":"2021-10-17T16:46:36","date_gmt":"2021-10-17T14:46:36","guid":{"rendered":"https:\/\/www.odbojkapiran.si\/?page_id=1507"},"modified":"2022-05-23T10:48:41","modified_gmt":"2022-05-23T08:48:41","slug":"clanska-ekipa-3-dol","status":"publish","type":"page","link":"https:\/\/www.odbojkapiran.si\/?page_id=1507","title":{"rendered":"\u010clanska ekipa &#8211; 3. DOL"},"content":{"rendered":"<div id=\"pl-1507\"  class=\"panel-layout\" >\n<div id=\"pg-1507-0\"  class=\"panel-grid panel-no-style\"  data-style=\"{&quot;background_image_attachment&quot;:false,&quot;background_display&quot;:&quot;tile&quot;,&quot;cell_alignment&quot;:&quot;flex-start&quot;}\" >\n<div id=\"pgc-1507-0-0\"  class=\"panel-grid-cell\"  data-weight=\"1\" >\n<div id=\"panel-1507-0-0-0\" class=\"so-panel widget widget_sow-editor panel-first-child panel-last-child\" data-index=\"0\" data-style=\"{&quot;background_image_attachment&quot;:false,&quot;background_display&quot;:&quot;tile&quot;}\" >\n<div class=\"so-widget-sow-editor so-widget-sow-editor-base\">\n<div class=\"siteorigin-widget-tinymce textwidget\">\n<p><!--more--><\/p>\n<h1>EKIPA &#8220;PIRAN&#8221;<\/h1>\n<p><img loading=\"lazy\" class=\"alignnone size-full wp-image-1509\" src=\"https:\/\/www.odbojkapiran.si\/wp-content\/uploads\/2021\/10\/skupinska.jpg\" alt=\"\" width=\"865\" height=\"742\" srcset=\"https:\/\/www.odbojkapiran.si\/wp-content\/uploads\/2021\/10\/skupinska.jpg 865w, https:\/\/www.odbojkapiran.si\/wp-content\/uploads\/2021\/10\/skupinska-300x257.jpg 300w, https:\/\/www.odbojkapiran.si\/wp-content\/uploads\/2021\/10\/skupinska-768x659.jpg 768w, https:\/\/www.odbojkapiran.si\/wp-content\/uploads\/2021\/10\/skupinska-443x380.jpg 443w\" sizes=\"(max-width: 865px) 100vw, 865px\" \/><\/p>\n<p><span style=\"font-size: 10pt;\">Ur\u0161ka Br\u017ean, Deizy Memi\u0107, Sara Grdina, Assia Memi\u0107<br \/>\n<\/span><span style=\"font-size: 10pt;\">Taja Poropat, Anja Ku\u0161ar,\u00a0<\/span><span style=\"font-size: 10pt;\"> Sanja Be\u010daj<\/span><span style=\"font-size: 10pt;\">\u00a0<\/span> <span style=\"font-size: 10pt;\"><br \/>\ntrener Mitja Ku\u0161ar<br \/>\nmanjka: Arijana Lucas, Nana Bedek, Nika Jerkovi\u0107, Ingrid Scozzai, Ur\u0161ka Brlek, Julija Kralj<br \/>\n<\/span><\/p>\n<p><a href=\"https:\/\/ozs-web.dataproject.com\/CompetitionTeamDetails.aspx?TeamID=433&amp;ID=84\" target=\"_blank\" rel=\"noopener\">PODATKI O EKIPI<\/a><\/p>\n<h1>TRENINGI<\/h1>\n<table style=\"width: 489px;\">\n<tbody>\n<tr>\n<td style=\"text-align: center; background-color: #2e7dd1; width: 100px;\"><strong><span style=\"color: #ffffff;\">tor<\/span><\/strong><\/td>\n<td style=\"text-align: center; background-color: #2e7dd1; width: 100px;\"><strong><span style=\"color: #ffffff;\">\u010det<\/span><\/strong><\/td>\n<td style=\"text-align: center; background-color: #2e7dd1; width: 100px;\"><strong><span style=\"color: #ffffff;\">pet<\/span><\/strong><\/td>\n<\/tr>\n<tr>\n<td style=\"text-align: center; width: 100px;\">18:30 &#8211; 20:30<\/td>\n<td style=\"text-align: center; width: 100px;\">18:30 &#8211; 20:30<\/td>\n<td style=\"text-align: center; width: 100px;\">18:45 &#8211; 20:30<\/td>\n<\/tr>\n<tr>\n<td style=\"text-align: center; width: 100px;\">\u00a0Lucija<\/td>\n<td style=\"text-align: center; width: 100px;\">\u00a0Lucija<\/td>\n<td style=\"text-align: center; width: 100px;\">\u00a0Lucija<\/td>\n<\/tr>\n<\/tbody>\n<\/table>\n<h1><\/h1>\n<h1>REZULTATI TEKEM<\/h1>\n<p><!--(klikni na tekmo za rezultat v \u017eivo)--><\/p>\n<table style=\"height: 480px;\">\n<tbody>\n<tr style=\"height: 20px; background-color: #2e7dd1;\">\n<td style=\"height: 24px; width: 581px;\" colspan=\"5\"><strong><span style=\"color: #ffffff;\">Dvokro\u017ena liga &#8211; 1. del\u00a0 2021-2022<\/span><\/strong><\/td>\n<\/tr>\n<tr style=\"height: 20px;\">\n<td style=\"width: 17px; height: 24px;\">1.<\/td>\n<td style=\"width: 104px; height: 24px;\">16.10. 16:30<\/td>\n<td style=\"width: 199px; height: 24px;\" height=\"16\"><span class=\"ai1ec-event-title\"><strong>Piran <\/strong>:\u00a0 Neptun Kanal<\/span><\/td>\n<td style=\"width: 33px; height: 24px;\">3:0<\/td>\n<td style=\"width: 228px; height: 24px;\"><span class=\"mali\"><span id=\"Content_Main_LB_SetsPartials\">25:23, 25:7, 25:19<\/span><\/span><\/td>\n<\/tr>\n<tr style=\"height: 20px;\">\n<td style=\"width: 17px; height: 24px;\">2.<\/td>\n<td style=\"width: 104px; height: 24px;\">24.03.<\/td>\n<td style=\"width: 199px; height: 24px;\" height=\"16\"><em>prosto<\/em><\/td>\n<td style=\"width: 33px; height: 24px;\"><\/td>\n<td style=\"width: 228px; height: 24px;\"><\/td>\n<\/tr>\n<tr style=\"height: 20px;\">\n<td style=\"width: 17px; height: 24px;\">3.<\/td>\n<td style=\"width: 104px; height: 24px;\">06.11. 18:00<\/td>\n<td style=\"width: 199px; height: 24px;\" height=\"16\"><span class=\"ai1ec-event-title\"><span class=\"ai1ec-event-title\"><strong>Piran <\/strong>: G<span id=\"Content_Main_LBL_GuestTeam\">aleb Group Robotina<\/span><\/span><\/span><\/td>\n<td style=\"width: 33px; height: 24px;\">3:0<\/td>\n<td style=\"width: 228px; height: 24px;\">25:18, 25:16, 25:17<\/td>\n<\/tr>\n<tr style=\"height: 20px;\">\n<td style=\"width: 17px; height: 24px;\">4.<\/td>\n<td style=\"width: 104px; height: 24px;\">12.11. 18:00<\/td>\n<td style=\"width: 199px; height: 24px;\" height=\"16\"><strong>VOLLEYBALLjubljana<\/strong>: Piran<\/td>\n<td style=\"width: 33px; height: 24px;\">3:0<\/td>\n<td style=\"width: 228px; height: 24px;\">25:22, 22:25, 25:22, 25:23<\/td>\n<\/tr>\n<tr style=\"height: 20px;\">\n<td style=\"width: 17px; height: 24px;\">5.<\/td>\n<td style=\"width: 104px; height: 24px;\">20.11. 18:00<\/td>\n<td style=\"width: 199px; height: 24px;\" height=\"16\"><span class=\"ai1ec-event-title\"><strong>Piran <\/strong>: Triglav Kranj II<\/span><\/td>\n<td style=\"width: 33px; height: 24px;\">3:0<\/td>\n<td style=\"width: 228px; height: 24px;\"><span id=\"Content_Main_LB_SetsPartials\">25:6, 25:8, 25:0<\/span><\/td>\n<\/tr>\n<tr style=\"height: 20px;\">\n<td style=\"width: 17px; height: 24px;\">6.<\/td>\n<td style=\"width: 104px; height: 24px;\">27.11. 14:00<\/td>\n<td style=\"width: 199px; height: 24px;\" height=\"16\"><span class=\"ai1ec-event-title\">POK Kr\u0161ko : <strong>Piran<\/strong><\/span><\/td>\n<td style=\"width: 33px; height: 24px;\">1:3<\/td>\n<td style=\"width: 228px; height: 24px;\">27:29, 16:25, 25:19, 21:25<\/td>\n<\/tr>\n<tr style=\"height: 20px;\">\n<td style=\"width: 17px; height: 24px;\">7.<\/td>\n<td style=\"width: 104px; height: 24px;\">04.12. 16:30<\/td>\n<td style=\"width: 199px; height: 24px;\" height=\"16\"><span class=\"ai1ec-event-title\"><strong>Piran<\/strong> : Okna Nagode Logatec<\/span><\/td>\n<td style=\"width: 33px; height: 24px;\">3:0<\/td>\n<td style=\"width: 228px; height: 24px;\"><span id=\"Content_Main_LB_SetsPartials\">25:23, 25:18, 25:17<\/span><\/td>\n<\/tr>\n<tr style=\"height: 20px;\">\n<td style=\"width: 17px; height: 24px;\">8.<\/td>\n<td style=\"width: 104px; height: 24px;\">11.12. 18:00<\/td>\n<td style=\"width: 199px; height: 24px;\" height=\"16\"><span class=\"ai1ec-event-title\"><strong>Piran<\/strong> : Bled<\/span><\/td>\n<td style=\"width: 33px; height: 24px;\">3:0<\/td>\n<td style=\"width: 228px; height: 24px;\"><span id=\"Content_Main_LB_SetsPartials\">25:11, 25:17, 25:22<\/span><\/td>\n<\/tr>\n<tr style=\"height: 20px;\">\n<td style=\"width: 17px; height: 24px;\">9.<\/td>\n<td style=\"width: 104px; height: 24px;\">18.12. 16:00<\/td>\n<td style=\"width: 199px; height: 24px;\" height=\"16\"><span class=\"ai1ec-event-title\">Vital Ljubljana II : <strong>Piran<\/strong><\/span><\/td>\n<td style=\"width: 33px; height: 24px;\">2:3<\/td>\n<td style=\"width: 228px; height: 24px;\"><span id=\"Content_Main_LB_SetsPartials\">23:25, 25:16, 25:21, 22:25, 11:15<\/span><\/td>\n<\/tr>\n<tr style=\"height: 20px; background-color: #2e7dd1;\">\n<td style=\"height: 24px; width: 581px;\" colspan=\"5\"><strong><span style=\"color: #ffffff;\">Dvokro\u017ena liga 2. del 2021-2022<\/span><\/strong><\/td>\n<\/tr>\n<tr style=\"height: 20px;\">\n<td style=\"width: 17px; height: 24px;\">10.<\/td>\n<td style=\"width: 104px; height: 24px;\">22.01. 16:00<\/td>\n<td style=\"width: 199px; height: 24px;\" height=\"16\"><span class=\"ai1ec-event-title\">Neptun Kanal : <strong>Piran<\/strong><br \/>\n<\/span><\/td>\n<td style=\"width: 33px; height: 24px;\">0:3<\/td>\n<td style=\"width: 228px; height: 24px;\"><span id=\"Content_Main_LB_SetsPartials\">11:25, 14:25, 25:23, 14:25<\/span><\/td>\n<\/tr>\n<tr style=\"height: 20px;\">\n<td style=\"width: 17px; height: 24px;\">11.<\/td>\n<td style=\"width: 104px; height: 24px;\">29.01.<\/td>\n<td style=\"width: 199px; height: 24px;\" height=\"16\"><em>prosto<\/em><\/td>\n<td style=\"width: 33px; height: 24px;\"><\/td>\n<td style=\"width: 228px; height: 24px;\"><\/td>\n<\/tr>\n<tr style=\"height: 20px;\">\n<td style=\"width: 17px; height: 24px;\">12.<\/td>\n<td style=\"width: 104px; height: 24px;\">05.02. 16:00<\/td>\n<td style=\"width: 199px; height: 24px;\" height=\"16\"><span class=\"ai1ec-event-title\"><span class=\"ai1ec-event-title\">G<span id=\"Content_Main_LBL_GuestTeam\">aleb Group Robotina : <strong>Piran<\/strong><br \/>\n<\/span><\/span><\/span><\/td>\n<td style=\"width: 33px; height: 24px;\">0:3<\/td>\n<td style=\"width: 228px; height: 24px;\"><span id=\"Content_Main_LB_SetsPartials\">11:25, 9:25, 18:25<\/span><\/td>\n<\/tr>\n<tr style=\"height: 20px;\">\n<td style=\"width: 17px; height: 24px;\">13.<\/td>\n<td style=\"width: 104px; height: 24px;\">12.02. 18:00<\/td>\n<td style=\"width: 199px; height: 24px;\" height=\"16\"><span class=\"ai1ec-event-title\">Piran : <\/span><strong>VOLLEYBALLjubljana<\/strong><\/td>\n<td style=\"width: 33px; height: 24px;\">0:3<\/td>\n<td style=\"width: 228px; height: 24px;\"><span id=\"Content_Main_LB_SetsPartials\">18:25, 20:25, 21:25<\/span><\/td>\n<\/tr>\n<tr style=\"height: 20px;\">\n<td style=\"width: 17px; height: 24px;\">14.<\/td>\n<td style=\"width: 104px; height: 24px;\">19.02. 14:30<\/td>\n<td style=\"width: 199px; height: 24px;\" height=\"16\"><span class=\"ai1ec-event-title\">Triglav Kranj II : <strong>Piran<\/strong><\/span><\/td>\n<td style=\"width: 33px; height: 24px;\">0:3<\/td>\n<td style=\"width: 228px; height: 24px;\"><span id=\"Content_Main_LB_SetsPartials\">5:25, 13:25, 13:25<\/span><\/td>\n<\/tr>\n<tr style=\"height: 20px;\">\n<td style=\"width: 17px; height: 24px;\">15.<\/td>\n<td style=\"width: 104px; height: 24px;\">05.03. 16:30<\/td>\n<td style=\"width: 199px; height: 24px;\" height=\"16\"><span class=\"ai1ec-event-title\">Piran : <strong>POK Kr\u0161ko<\/strong><\/span><\/td>\n<td style=\"width: 33px; height: 24px;\">2:3<\/td>\n<td style=\"width: 228px; height: 24px;\"><span id=\"Content_Main_LB_SetsPartials\">25:21, 23:25, 25:23, 18:25, 8:15<\/span><\/td>\n<\/tr>\n<tr style=\"height: 20px;\">\n<td style=\"width: 17px; height: 24px;\">16.<\/td>\n<td style=\"width: 104px; height: 24px;\">22.03. 20:00<\/td>\n<td style=\"width: 199px; height: 24px;\" height=\"16\"><span class=\"ai1ec-event-title\">Okna Nagode Logatec : <strong>Piran<\/strong><br \/>\n<\/span><\/td>\n<td style=\"width: 33px; height: 24px;\">0:3<\/td>\n<td style=\"width: 228px; height: 24px;\"><span id=\"Content_Main_LB_SetsPartials\">11:25, 16:25, 13:25<\/span><\/td>\n<\/tr>\n<tr style=\"height: 20px;\">\n<td style=\"width: 17px; height: 24px;\">17.<\/td>\n<td style=\"width: 104px; height: 24px;\">19.03. 18:00<\/td>\n<td style=\"width: 199px; height: 24px;\" height=\"16\"><span class=\"ai1ec-event-title\">Bled : <strong>Piran<\/strong><br \/>\n<\/span><\/td>\n<td style=\"width: 33px; height: 24px;\">1:3<\/td>\n<td style=\"width: 228px; height: 24px;\"><span id=\"Content_Main_LB_SetsPartials\">21:25, 19:25, 33:31, 12:25<\/span><\/td>\n<\/tr>\n<tr style=\"height: 20px;\">\n<td style=\"width: 17px; height: 24px;\">18.<\/td>\n<td style=\"width: 104px; height: 24px;\">26.03. 18:00<\/td>\n<td style=\"width: 199px; height: 24px;\" height=\"16\"><span class=\"ai1ec-event-title\"><strong>Piran<\/strong> : Vital Ljubljana II<br \/>\n<\/span><\/td>\n<td style=\"width: 33px; height: 24px;\">3:0<\/td>\n<td style=\"width: 228px; height: 24px;\"><span id=\"Content_Main_LB_SetsPartials\">25:17, 25:15, 25:17<\/span><\/td>\n<\/tr>\n<\/tbody>\n<\/table>\n<p>&nbsp;<\/p>\n<h1>Lestvica<\/h1>\n<p>&nbsp;<\/p>\n<table style=\"width: 100%; border-collapse: collapse;\" border=\"0\">\n<tbody>\n<tr style=\"height: 24px;\">\n<td style=\"width: 30.8108%; height: 24px;\"><strong>kon\u010dno mesto \/ Ekipa<\/strong><\/td>\n<td style=\"width: 5.08282%; height: 24px; text-align: center;\"><strong>to\u010dke<\/strong><\/td>\n<\/tr>\n<tr style=\"height: 24px;\">\n<td style=\"width: 30.8108%; height: 24px;\">1. VOLLEYBALLjubljana<\/td>\n<td style=\"width: 5.08282%; height: 24px; text-align: center;\">43<\/td>\n<\/tr>\n<tr style=\"height: 24px;\">\n<td style=\"width: 30.8108%; height: 24px;\">2. Piran<\/td>\n<td style=\"width: 5.08282%; height: 24px; text-align: center;\">39<\/td>\n<\/tr>\n<tr style=\"height: 24px;\">\n<td style=\"width: 30.8108%; height: 24px;\">3. Vital ljubljana II<\/td>\n<td style=\"width: 5.08282%; height: 24px; text-align: center;\">38<\/td>\n<\/tr>\n<tr style=\"height: 24px;\">\n<td style=\"width: 30.8108%; height: 24px;\">4. POK Kr\u0161ko<\/td>\n<td style=\"width: 5.08282%; height: 24px; text-align: center;\">29<\/td>\n<\/tr>\n<tr style=\"height: 24px;\">\n<td style=\"width: 30.8108%; height: 24px;\">5. Neptun Kanal<\/td>\n<td style=\"width: 5.08282%; height: 24px; text-align: center;\">24<\/td>\n<\/tr>\n<tr style=\"height: 24px;\">\n<td style=\"width: 30.8108%; height: 24px;\">6. Bled<\/td>\n<td style=\"width: 5.08282%; height: 24px; text-align: center;\">16<\/td>\n<\/tr>\n<tr style=\"height: 24px;\">\n<td style=\"width: 30.8108%; height: 24px;\">7. Okna Nagode Logatec<\/td>\n<td style=\"width: 5.08282%; height: 24px; text-align: center;\">14<\/td>\n<\/tr>\n<tr style=\"height: 24px;\">\n<td style=\"width: 30.8108%; height: 24px;\">8. Galeb Group Robotina<\/td>\n<td style=\"width: 5.08282%; height: 24px; text-align: center;\">13<\/td>\n<\/tr>\n<tr style=\"height: 24px;\">\n<td style=\"width: 30.8108%; height: 24px;\">9. Triglav Kranj II<\/td>\n<td style=\"width: 5.08282%; height: 24px; text-align: center;\">0<\/td>\n<\/tr>\n<\/tbody>\n<\/table>\n<p><a href=\"https:\/\/ozs-web.dataproject.com\/CompetitionStandings.aspx?ID=84&amp;PID=125\" target=\"_blank\" rel=\"noopener\">Lestvica<\/a><\/p>\n<p><a href=\"https:\/\/ozs-web.dataproject.com\/CompetitionMatches.aspx?ID=84&amp;PID=125\" target=\"_blank\" rel=\"noopener\">Razpored in rezultati vseh tekem v 3.DOL zahod<\/a><\/p>\n<h1>KOLEDAR TEKEM<\/h1>\n<p>[ai1ec cat_name=&#8221;21-3zz, 21-pokal&#8221; , events_limit=&#8221;5&#8243;, view=&#8221;agenda&#8221;]<\/p>\n<\/div>\n<\/div>\n<\/div>\n<\/div>\n<\/div>\n<\/div>\n<style type=\"text\/css\" class=\"panels-style\" data-panels-style-for-post=\"1507\">@import url(https:\/\/www.odbojkapiran.si\/wp-content\/plugins\/siteorigin-panels\/css\/front-flex.min.css); #pgc-1507-0-0 { width:100%;width:calc(100% - ( 0 * 30px ) ) } #pl-1507 .so-panel { margin-bottom:30px } #pl-1507 .so-panel:last-of-type { margin-bottom:0px } #pg-1507-0.panel-no-style, #pg-1507-0.panel-has-style > .panel-row-style { -webkit-align-items:flex-start;align-items:flex-start } @media (max-width:780px){ #pg-1507-0.panel-no-style, #pg-1507-0.panel-has-style > .panel-row-style { -webkit-flex-direction:column;-ms-flex-direction:column;flex-direction:column } #pg-1507-0 > .panel-grid-cell , #pg-1507-0 > .panel-row-style > .panel-grid-cell { width:100%;margin-right:0 } #pg-1507-0 { margin-bottom:px } #pl-1507 .panel-grid-cell { padding:0 } #pl-1507 .panel-grid .panel-grid-cell-empty { display:none } #pl-1507 .panel-grid .panel-grid-cell-mobile-last { margin-bottom:0px }  } <\/style>\n","protected":false},"excerpt":{"rendered":"","protected":false},"author":1,"featured_media":1267,"parent":1504,"menu_order":1,"comment_status":"closed","ping_status":"closed","template":"","meta":[],"_links":{"self":[{"href":"https:\/\/www.odbojkapiran.si\/index.php?rest_route=\/wp\/v2\/pages\/1507"}],"collection":[{"href":"https:\/\/www.odbojkapiran.si\/index.php?rest_route=\/wp\/v2\/pages"}],"about":[{"href":"https:\/\/www.odbojkapiran.si\/index.php?rest_route=\/wp\/v2\/types\/page"}],"author":[{"embeddable":true,"href":"https:\/\/www.odbojkapiran.si\/index.php?rest_route=\/wp\/v2\/users\/1"}],"replies":[{"embeddable":true,"href":"https:\/\/www.odbojkapiran.si\/index.php?rest_route=%2Fwp%2Fv2%2Fcomments&post=1507"}],"version-history":[{"count":13,"href":"https:\/\/www.odbojkapiran.si\/index.php?rest_route=\/wp\/v2\/pages\/1507\/revisions"}],"predecessor-version":[{"id":1553,"href":"https:\/\/www.odbojkapiran.si\/index.php?rest_route=\/wp\/v2\/pages\/1507\/revisions\/1553"}],"up":[{"embeddable":true,"href":"https:\/\/www.odbojkapiran.si\/index.php?rest_route=\/wp\/v2\/pages\/1504"}],"wp:featuredmedia":[{"embeddable":true,"href":"https:\/\/www.odbojkapiran.si\/index.php?rest_route=\/wp\/v2\/media\/1267"}],"wp:attachment":[{"href":"https:\/\/www.odbojkapiran.si\/index.php?rest_route=%2Fwp%2Fv2%2Fmedia&parent=1507"}],"curies":[{"name":"wp","href":"https:\/\/api.w.org\/{rel}","templated":true}]}}