{"id":1369,"date":"2020-08-14T10:49:16","date_gmt":"2020-08-14T08:49:16","guid":{"rendered":"https:\/\/www.odbojkapiran.si\/?page_id=1369"},"modified":"2021-05-24T09:44:48","modified_gmt":"2021-05-24T07:44:48","slug":"clanska-ekipa-20-2dol","status":"publish","type":"page","link":"https:\/\/www.odbojkapiran.si\/?page_id=1369","title":{"rendered":"\u010clanska ekipa &#8211; 2. DOL"},"content":{"rendered":"<div id=\"pl-1369\"  class=\"panel-layout\" >\n<div id=\"pg-1369-0\"  class=\"panel-grid panel-no-style\"  data-style=\"{&quot;background_image_attachment&quot;:false,&quot;background_display&quot;:&quot;tile&quot;,&quot;cell_alignment&quot;:&quot;flex-start&quot;}\" >\n<div id=\"pgc-1369-0-0\"  class=\"panel-grid-cell\"  data-weight=\"1\" >\n<div id=\"panel-1369-0-0-0\" class=\"so-panel widget widget_sow-editor panel-first-child panel-last-child\" data-index=\"0\" data-style=\"{&quot;background_image_attachment&quot;:false,&quot;background_display&quot;:&quot;tile&quot;}\" >\n<div class=\"so-widget-sow-editor so-widget-sow-editor-base\">\n<div class=\"siteorigin-widget-tinymce textwidget\">\n<p><!--more--><\/p>\n<h1>EKIPA &#8220;PIRAN&#8221;<\/h1>\n<p><img loading=\"lazy\" class=\"alignnone size-large wp-image-1416\" src=\"https:\/\/www.odbojkapiran.si\/wp-content\/uploads\/2020\/10\/20201008_skupinska-1024x768.jpg\" alt=\"\" width=\"620\" height=\"465\" srcset=\"https:\/\/www.odbojkapiran.si\/wp-content\/uploads\/2020\/10\/20201008_skupinska-1024x768.jpg 1024w, https:\/\/www.odbojkapiran.si\/wp-content\/uploads\/2020\/10\/20201008_skupinska-300x225.jpg 300w, https:\/\/www.odbojkapiran.si\/wp-content\/uploads\/2020\/10\/20201008_skupinska-768x576.jpg 768w, https:\/\/www.odbojkapiran.si\/wp-content\/uploads\/2020\/10\/20201008_skupinska-507x380.jpg 507w\" sizes=\"(max-width: 620px) 100vw, 620px\" \/><\/p>\n<p><span style=\"font-size: 10pt;\">Dorotea Volk, Tia Cesar, Deizy Memi\u0107, Sara Grdina, Assia Memi\u0107, Andrea Dubaji\u0107<br \/>\nNana Bedek, <\/span><span style=\"font-size: 10pt;\">Taja Poropat,\u00a0<\/span><span style=\"font-size: 10pt;\"> Sanja Be\u010daj, <\/span><span style=\"font-size: 10pt;\">Anja Ku\u0161ar\u00a0<\/span><span style=\"font-size: 10pt;\">\u00a0<\/span><span style=\"font-size: 10pt;\"><br \/>\ntrener Mitja Ku\u0161ar<br \/>\nmanjkajo: Arijana Lucas, Nika Jerkovi\u0107, Eva Susman, Julija Kenda, Lana Po\u017ear<br \/>\n<\/span><\/p>\n<p><a href=\"http:\/\/ozs-web.dataproject.com\/CompetitionTeamDetails.aspx?TeamID=334&amp;ID=72\" target=\"_blank\" rel=\"noopener\">PODATKI O EKIPI<\/a><\/p>\n<h1>TRENINGI<\/h1>\n<table style=\"width: 489px;\">\n<tbody>\n<tr>\n<td style=\"text-align: center; background-color: #2e7dd1; width: 100px;\"><strong><span style=\"color: #ffffff;\">pon<\/span><\/strong><\/td>\n<td style=\"text-align: center; background-color: #2e7dd1; width: 100px;\"><strong><span style=\"color: #ffffff;\">tor<\/span><\/strong><\/td>\n<td style=\"text-align: center; background-color: #2e7dd1; width: 89px;\"><strong><span style=\"color: #ffffff;\">sre<\/span><\/strong><\/td>\n<td style=\"text-align: center; background-color: #2e7dd1; width: 100px;\"><strong><span style=\"color: #ffffff;\">\u010det<\/span><\/strong><\/td>\n<td style=\"text-align: center; background-color: #2e7dd1; width: 100px;\"><strong><span style=\"color: #ffffff;\">pet<\/span><\/strong><\/td>\n<\/tr>\n<tr>\n<td style=\"text-align: center;\">18:30 &#8211; 20:30<\/td>\n<td style=\"text-align: center;\">18:30 &#8211; 20:30<\/td>\n<td style=\"text-align: center;\">\u00a019:00 &#8211; 21:00<\/td>\n<td style=\"text-align: center;\">18:30 &#8211; 20:30<\/td>\n<td style=\"text-align: center;\">18:45 &#8211; 20:30<\/td>\n<\/tr>\n<tr>\n<td style=\"text-align: center;\">\u00a0Lucija<\/td>\n<td style=\"text-align: center;\">\u00a0Lucija<\/td>\n<td style=\"text-align: center;\">Piran<\/td>\n<td style=\"text-align: center;\">\u00a0Lucija<\/td>\n<td style=\"text-align: center;\">\u00a0Lucija<\/td>\n<\/tr>\n<\/tbody>\n<\/table>\n<h1><\/h1>\n<h1>REZULTATI TEKEM<\/h1>\n<p><!--(klikni na tekmo za rezultat v \u017eivo)--><\/p>\n<table style=\"height: 480px;\">\n<tbody>\n<tr style=\"height: 20px; background-color: #2e7dd1;\">\n<td style=\"height: 24px; width: 581px;\" colspan=\"5\"><strong><span style=\"color: #ffffff;\">Enokro\u017ena liga 2020-2021<\/span><\/strong><\/td>\n<\/tr>\n<tr style=\"height: 20px;\">\n<td style=\"width: 25px; height: 24px;\">1.<\/td>\n<td style=\"width: 96px;\">13.03. 18:00<\/td>\n<td style=\"width: 199px; height: 24px;\" height=\"16\"><span class=\"ai1ec-event-title\">Piran : TPV Volley NM<\/span><\/td>\n<td style=\"width: 33px; height: 24px;\">0:3<\/td>\n<td style=\"width: 228px; height: 24px;\"><span class=\"mali\">18:25, 12:25, 12:25<\/span><\/td>\n<\/tr>\n<tr style=\"height: 20px;\">\n<td style=\"width: 25px; height: 24px;\">2.<\/td>\n<td style=\"width: 96px;\">20.03. 18:00<\/td>\n<td style=\"width: 199px; height: 24px;\" height=\"16\"><span class=\"ai1ec-event-title\">\u017dOK \u0160entvid : Piran<br \/>\n<\/span><\/td>\n<td style=\"width: 33px; height: 24px;\">3:0<\/td>\n<td style=\"width: 228px; height: 24px;\"><span class=\"mali\">25:20, 25:17, 25:13<\/span><\/td>\n<\/tr>\n<tr style=\"height: 20px;\">\n<td style=\"width: 25px; height: 24px;\">3.<\/td>\n<td style=\"width: 96px;\">24.03.<\/td>\n<td style=\"width: 199px; height: 24px;\" height=\"16\"><em>prosto<\/em><\/td>\n<td style=\"width: 33px; height: 24px;\"><\/td>\n<td style=\"width: 228px; height: 24px;\"><\/td>\n<\/tr>\n<tr style=\"height: 20px;\">\n<td style=\"width: 25px; height: 24px;\">4.<\/td>\n<td style=\"width: 96px;\">27.03. 15:00<\/td>\n<td style=\"width: 199px; height: 24px;\" height=\"16\"><span class=\"ai1ec-event-title\">Triglav Kranj : Piran<\/span><span class=\"ai1ec-event-title\"><br \/>\n<\/span><\/td>\n<td style=\"width: 33px; height: 24px;\">3:0<\/td>\n<td style=\"width: 228px; height: 24px;\"><span class=\"mali\">25:17, 25:17, 25:19<\/span><\/td>\n<\/tr>\n<tr style=\"height: 20px;\">\n<td style=\"width: 25px; height: 24px;\">5.<\/td>\n<td style=\"width: 96px;\">06.04. 16:30<\/td>\n<td style=\"width: 199px; height: 24px;\" height=\"16\"><span class=\"ai1ec-event-title\">Piran : OD Krim II<\/span><\/td>\n<td style=\"width: 33px; height: 24px;\">2:3<\/td>\n<td style=\"width: 228px; height: 24px;\"><span class=\"mali\">12:25, 20:25, 25:12, 25:23, 11:15<\/span><\/td>\n<\/tr>\n<tr style=\"height: 20px;\">\n<td style=\"width: 25px; height: 24px;\">6.<\/td>\n<td style=\"width: 96px;\">19.05. 19:00<\/td>\n<td style=\"width: 199px; height: 24px;\" height=\"16\"><span class=\"ai1ec-event-title\">Lubnik : Piran<\/span><\/td>\n<td style=\"width: 33px; height: 24px;\">3:1<\/td>\n<td style=\"width: 228px; height: 24px;\"><span class=\"mali\">11:25, 25:17, 25:18, 25:18<\/span><\/td>\n<\/tr>\n<tr style=\"height: 20px;\">\n<td style=\"width: 25px; height: 24px;\">7.<\/td>\n<td style=\"width: 96px;\">14.05. 20:00<\/td>\n<td style=\"width: 199px; height: 24px;\" height=\"16\"><span class=\"ai1ec-event-title\">Piran : Vital Ljubljana<\/span><\/td>\n<td style=\"width: 33px; height: 24px;\">0:3<\/td>\n<td style=\"width: 228px; height: 24px;\"><span class=\"mali\">13:25, 14:25, 14:25<\/span><\/td>\n<\/tr>\n<tr style=\"height: 20px;\">\n<td style=\"width: 25px; height: 24px;\">8.<\/td>\n<td style=\"width: 96px;\">24.04. 19:00<\/td>\n<td style=\"width: 199px; height: 24px;\" height=\"16\"><span class=\"ai1ec-event-title\">Olimp Ljubljana : <\/span><span class=\"ai1ec-event-title\">Piran<br \/>\n<\/span><\/td>\n<td style=\"width: 33px; height: 24px;\">3:1<\/td>\n<td style=\"width: 228px; height: 24px;\"><span class=\"mali\">25:18, 24:26, 25:17, 25:14<\/span><\/td>\n<\/tr>\n<tr style=\"height: 20px;\">\n<td style=\"width: 25px; height: 24px;\">9.<\/td>\n<td style=\"width: 96px;\">08.05. 18:00<\/td>\n<td style=\"width: 199px; height: 24px;\" height=\"16\"><span class=\"ai1ec-event-title\">Piran : Bled<\/span><\/td>\n<td style=\"width: 33px; height: 24px;\">3:1<\/td>\n<td style=\"width: 228px; height: 24px;\"><span id=\"Content_Main_LB_SetsPartials\">25:19 23:25 25:22 25:22<\/span><\/td>\n<\/tr>\n<tr style=\"height: 20px;\">\n<td style=\"width: 25px; height: 24px;\">10.<\/td>\n<td style=\"width: 96px;\">15.05. 17:00<\/td>\n<td style=\"width: 199px; height: 24px;\" height=\"16\"><span class=\"ai1ec-event-title\">Aquawatt \u017dirovnica : Piran<\/span><\/td>\n<td style=\"width: 33px; height: 24px;\">3:0<\/td>\n<td style=\"width: 228px; height: 24px;\"><span class=\"mali\">25:14, 25:19, 25:20<\/span><\/td>\n<\/tr>\n<tr style=\"height: 20px;\">\n<td style=\"width: 25px; height: 24px;\">11.<\/td>\n<td style=\"width: 96px;\">22.05. 18:00<\/td>\n<td style=\"width: 199px; height: 24px;\" height=\"16\"><span class=\"ai1ec-event-title\">Piran : <\/span><span class=\"ai1ec-event-title\">VOLLEYBALLjubljana<\/span><\/td>\n<td style=\"width: 33px; height: 24px;\">3:0<\/td>\n<td style=\"width: 228px; height: 24px;\"><span class=\"mali\">25:9, 25:18, 25:22<\/span><\/td>\n<\/tr>\n<\/tbody>\n<\/table>\n<h1>Lestvica<\/h1>\n<p><a href=\"http:\/\/ozs-web.dataproject.com\/CompetitionHome.aspx?ID=72\" target=\"_blank\" rel=\"noopener\">Lestvica in rezultati<\/a><br \/>\n<a href=\"https:\/\/www.odbojka.si\/index.php?st=73630461207\" target=\"_blank\" rel=\"noopener\">Razpored vseh tekme v 2.dol<\/a><\/p>\n<h1>KOLEDAR TEKEM<\/h1>\n<p>[ai1ec cat_name=&#8221;20-2z, 20-pokal&#8221; , events_limit=&#8221;5&#8243;, view=&#8221;agenda&#8221;]<\/p>\n<\/div>\n<\/div>\n<\/div>\n<\/div>\n<\/div>\n<\/div>\n<style type=\"text\/css\" class=\"panels-style\" data-panels-style-for-post=\"1369\">@import url(https:\/\/www.odbojkapiran.si\/wp-content\/plugins\/siteorigin-panels\/css\/front-flex.min.css); #pgc-1369-0-0 { width:100%;width:calc(100% - ( 0 * 30px ) ) } #pl-1369 .so-panel { margin-bottom:30px } #pl-1369 .so-panel:last-child { margin-bottom:0px } #pg-1369-0.panel-no-style, #pg-1369-0.panel-has-style > .panel-row-style { -webkit-align-items:flex-start;align-items:flex-start } @media (max-width:780px){ #pg-1369-0.panel-no-style, #pg-1369-0.panel-has-style > .panel-row-style { -webkit-flex-direction:column;-ms-flex-direction:column;flex-direction:column } #pg-1369-0 > .panel-grid-cell , #pg-1369-0 > .panel-row-style > .panel-grid-cell { width:100%;margin-right:0 } #pg-1369-0 { margin-bottom:px } #pl-1369 .panel-grid-cell { padding:0 } #pl-1369 .panel-grid .panel-grid-cell-empty { display:none } #pl-1369 .panel-grid .panel-grid-cell-mobile-last { margin-bottom:0px }  } <\/style>\n","protected":false},"excerpt":{"rendered":"","protected":false},"author":1,"featured_media":1267,"parent":1371,"menu_order":1,"comment_status":"closed","ping_status":"closed","template":"","meta":[],"_links":{"self":[{"href":"https:\/\/www.odbojkapiran.si\/index.php?rest_route=\/wp\/v2\/pages\/1369"}],"collection":[{"href":"https:\/\/www.odbojkapiran.si\/index.php?rest_route=\/wp\/v2\/pages"}],"about":[{"href":"https:\/\/www.odbojkapiran.si\/index.php?rest_route=\/wp\/v2\/types\/page"}],"author":[{"embeddable":true,"href":"https:\/\/www.odbojkapiran.si\/index.php?rest_route=\/wp\/v2\/users\/1"}],"replies":[{"embeddable":true,"href":"https:\/\/www.odbojkapiran.si\/index.php?rest_route=%2Fwp%2Fv2%2Fcomments&post=1369"}],"version-history":[{"count":27,"href":"https:\/\/www.odbojkapiran.si\/index.php?rest_route=\/wp\/v2\/pages\/1369\/revisions"}],"predecessor-version":[{"id":1625,"href":"https:\/\/www.odbojkapiran.si\/index.php?rest_route=\/wp\/v2\/pages\/1369\/revisions\/1625"}],"up":[{"embeddable":true,"href":"https:\/\/www.odbojkapiran.si\/index.php?rest_route=\/wp\/v2\/pages\/1371"}],"wp:featuredmedia":[{"embeddable":true,"href":"https:\/\/www.odbojkapiran.si\/index.php?rest_route=\/wp\/v2\/media\/1267"}],"wp:attachment":[{"href":"https:\/\/www.odbojkapiran.si\/index.php?rest_route=%2Fwp%2Fv2%2Fmedia&parent=1369"}],"curies":[{"name":"wp","href":"https:\/\/api.w.org\/{rel}","templated":true}]}}