{"id":1231,"date":"2019-09-24T15:16:22","date_gmt":"2019-09-24T13:16:22","guid":{"rendered":"https:\/\/www.odbojkapiran.si\/?page_id=1231"},"modified":"2020-08-14T11:07:32","modified_gmt":"2020-08-14T09:07:32","slug":"clanska-ekipa-19-2dol","status":"publish","type":"page","link":"https:\/\/www.odbojkapiran.si\/?page_id=1231","title":{"rendered":"\u010clanska ekipa &#8211; 2. DOL ZAHOD"},"content":{"rendered":"<p><!--more--><\/p>\n<h1>EKIPA &#8220;PIRAN&#8221;<\/h1>\n<p><img loading=\"lazy\" class=\"alignnone size-large wp-image-1265\" src=\"https:\/\/www.odbojkapiran.si\/wp-content\/uploads\/2019\/10\/20191005_203018-1024x768.jpg\" alt=\"\" width=\"620\" height=\"465\" srcset=\"https:\/\/www.odbojkapiran.si\/wp-content\/uploads\/2019\/10\/20191005_203018-1024x768.jpg 1024w, https:\/\/www.odbojkapiran.si\/wp-content\/uploads\/2019\/10\/20191005_203018-300x225.jpg 300w, https:\/\/www.odbojkapiran.si\/wp-content\/uploads\/2019\/10\/20191005_203018-768x576.jpg 768w, https:\/\/www.odbojkapiran.si\/wp-content\/uploads\/2019\/10\/20191005_203018-507x380.jpg 507w\" sizes=\"(max-width: 620px) 100vw, 620px\" \/><\/p>\n<p><span style=\"font-size: 10pt;\">Andreja Jotanovi\u0107, Lana Po\u017ear, Neja Nedoh, Deizy Memi\u0107, Sara Grdina, Eva Labinjan, Vita Kocet, Tia Cesar;<\/span><br \/>\n<span style=\"font-size: 10pt;\">Sanja Be\u010daj, Lea Jerkovi\u0107, Taja Poropat, Nika Jerkovi\u0107, Amedea Benussi, Vanja Jefteni\u0107, Eva Susman;<br \/>\nmanjkajo: Dorotea Volk in trener \u017deljko Rulofs;<\/span><\/p>\n<p>&nbsp;<\/p>\n<h1>TRENINGI<\/h1>\n<table style=\"width: 489px;\">\n<tbody>\n<tr>\n<td style=\"text-align: center; background-color: #2e7dd1; width: 100px;\"><strong><span style=\"color: #ffffff;\">pon<\/span><\/strong><\/td>\n<td style=\"text-align: center; background-color: #2e7dd1; width: 100px;\"><strong><span style=\"color: #ffffff;\">tor<\/span><\/strong><\/td>\n<td style=\"text-align: center; background-color: #2e7dd1; width: 89px;\"><strong><span style=\"color: #ffffff;\">sre<\/span><\/strong><\/td>\n<td style=\"text-align: center; background-color: #2e7dd1; width: 100px;\"><strong><span style=\"color: #ffffff;\">\u010det<\/span><\/strong><\/td>\n<td style=\"text-align: center; background-color: #2e7dd1; width: 100px;\"><strong><span style=\"color: #ffffff;\">pet<\/span><\/strong><\/td>\n<\/tr>\n<tr>\n<td style=\"text-align: center;\">18:30 &#8211; 20:30<\/td>\n<td style=\"text-align: center;\">18:30 &#8211; 20:30<\/td>\n<td style=\"text-align: center;\">\u00a019:00 &#8211; 21:00<\/td>\n<td style=\"text-align: center;\">18:30 &#8211; 20:30<\/td>\n<td style=\"text-align: center;\">18:45 &#8211; 20:30<\/td>\n<\/tr>\n<tr>\n<td style=\"text-align: center;\">\u00a0Lucija<\/td>\n<td style=\"text-align: center;\">\u00a0Lucija<\/td>\n<td style=\"text-align: center;\">Piran<\/td>\n<td style=\"text-align: center;\">\u00a0Lucija<\/td>\n<td style=\"text-align: center;\">\u00a0Lucija<\/td>\n<\/tr>\n<\/tbody>\n<\/table>\n<h1><\/h1>\n<h1>REZULTATI TEKEM<\/h1>\n<table style=\"height: 480px;\">\n<tbody>\n<tr style=\"height: 20px; background-color: #2e7dd1;\">\n<td style=\"height: 24px; width: 485px;\" colspan=\"4\"><strong><span style=\"color: #ffffff;\">1. del<\/span><\/strong><\/td>\n<\/tr>\n<tr style=\"height: 20px;\">\n<td style=\"width: 48px; height: 24px;\">05.10.<\/td>\n<td style=\"width: 199px; height: 24px;\" width=\"65\" height=\"16\">Piran : <strong>\u0160entvid-Vital<\/strong><\/td>\n<td style=\"width: 28px; height: 24px;\">0:3<\/td>\n<td style=\"width: 210px; height: 24px;\">16:25,16:25,23:25<\/td>\n<\/tr>\n<tr style=\"height: 20px;\">\n<td style=\"width: 48px; height: 24px;\">12.10.<\/td>\n<td style=\"width: 199px; height: 24px;\" height=\"16\">Logatec : <strong>Piran<\/strong><\/td>\n<td style=\"width: 28px; height: 24px;\">2:3<\/td>\n<td style=\"width: 210px; height: 24px;\">24:26,25:8,28:30,25:23,9:15<\/td>\n<\/tr>\n<tr style=\"height: 20px;\">\n<td style=\"width: 48px; height: 24px;\">19.10.<\/td>\n<td style=\"width: 199px; height: 24px;\" height=\"16\">Piran : <strong>Lubnik \u0160kofja Loka<\/strong><\/td>\n<td style=\"width: 28px; height: 24px;\">1:3<\/td>\n<td style=\"width: 210px; height: 24px;\">25:21,20:25,24:26,25:27<\/td>\n<\/tr>\n<tr style=\"height: 20px;\">\n<td style=\"width: 48px; height: 24px;\">26.10.<\/td>\n<td style=\"width: 199px; height: 24px;\" height=\"16\">Gimnazija \u0160i\u0161ka : <strong>Piran<\/strong><\/td>\n<td style=\"width: 28px; height: 24px;\">2:3<\/td>\n<td style=\"width: 210px; height: 24px;\">25:20,11:25,21:25,25:22,13:15<\/td>\n<\/tr>\n<tr style=\"height: 20px;\">\n<td style=\"width: 48px; height: 24px;\">02.11.<\/td>\n<td style=\"width: 199px; height: 24px;\" height=\"16\"><strong>TPV Volley NM<\/strong> : Piran<\/td>\n<td style=\"width: 28px; height: 24px;\">3:0<\/td>\n<td style=\"width: 210px; height: 24px;\">25:19,25:20,25:18<\/td>\n<\/tr>\n<tr style=\"height: 20px;\">\n<td style=\"width: 48px; height: 24px;\">09.11.<\/td>\n<td style=\"width: 199px; height: 24px;\" height=\"16\">OD Krim II : <strong>Piran<\/strong><\/td>\n<td style=\"width: 28px; height: 24px;\">0:3<\/td>\n<td style=\"width: 210px; height: 24px;\">21:25,18:25,22:25<\/td>\n<\/tr>\n<tr style=\"height: 20px;\">\n<td style=\"width: 48px; height: 24px;\">16.11.<\/td>\n<td style=\"width: 199px; height: 24px;\" height=\"16\"><strong>Piran<\/strong> : Vital Ljubljana<\/td>\n<td style=\"width: 28px; height: 24px;\">3:1<\/td>\n<td style=\"width: 210px; height: 24px;\">25:18, 18:25, 25:14, 25:15<\/td>\n<\/tr>\n<tr style=\"height: 20px;\">\n<td style=\"width: 48px; height: 24px;\">23.11.<\/td>\n<td style=\"width: 199px; height: 24px;\" height=\"16\">ATK Grosuplje II : <strong>Piran<\/strong><\/td>\n<td style=\"width: 28px; height: 24px;\">2:3<\/td>\n<td style=\"width: 210px; height: 24px;\">18:25,26:24,15:25,25:20,11:15<\/td>\n<\/tr>\n<tr style=\"height: 20px;\">\n<td style=\"width: 48px; height: 24px;\">30.11.<\/td>\n<td style=\"width: 199px; height: 24px;\" height=\"16\">Piran : <strong>Aquawatt \u017dirovnica<\/strong><\/td>\n<td style=\"width: 28px; height: 24px;\">1:3<\/td>\n<td style=\"width: 210px; height: 24px;\">16:25, 24:26, 16:25<\/td>\n<\/tr>\n<tr style=\"height: 20px;\">\n<td style=\"width: 48px; height: 24px;\">07.12.<\/td>\n<td style=\"width: 199px; height: 24px;\" height=\"16\">Triglav Kranj : <strong>Piran<\/strong><\/td>\n<td style=\"width: 28px; height: 24px;\">2:3<\/td>\n<td style=\"width: 210px; height: 24px;\">25:27,26:24,28:30,25:18,12:15<\/td>\n<\/tr>\n<tr style=\"height: 20px;\">\n<td style=\"width: 48px; height: 24px;\">14.12.<\/td>\n<td style=\"width: 199px; height: 24px;\" height=\"16\"><strong>Piran<\/strong> : Neptun Kanal<\/td>\n<td style=\"width: 28px; height: 24px;\">3:0<\/td>\n<td style=\"width: 210px; height: 24px;\">25:19,25:23,25:15<\/td>\n<\/tr>\n<tr style=\"height: 20px; background-color: #2e7dd1;\">\n<td style=\"height: 24px; width: 485px;\" colspan=\"4\"><strong><span style=\"color: #ffffff;\">2. del<\/span><\/strong><\/td>\n<\/tr>\n<tr style=\"height: 20px;\">\n<td style=\"width: 48px; height: 24px;\">21.12.<\/td>\n<td style=\"width: 199px; height: 24px;\" height=\"16\"><strong>\u0160entvid-Vital<\/strong> : Piran<\/td>\n<td style=\"width: 28px; height: 24px;\">3:1<\/td>\n<td style=\"width: 210px; height: 24px;\">25:17,18:25,25:15,25:11<\/td>\n<\/tr>\n<tr style=\"height: 20px;\">\n<td style=\"width: 48px; height: 24px;\">25.01.<\/td>\n<td style=\"width: 199px; height: 24px;\" height=\"16\">Piran : <strong>Logatec<\/strong><\/td>\n<td style=\"width: 28px; height: 24px;\">0:3<\/td>\n<td style=\"width: 210px; height: 24px;\">18:25, 14:25, 14:25<\/td>\n<\/tr>\n<tr style=\"height: 20px;\">\n<td style=\"width: 48px; height: 24px;\">01.02.<\/td>\n<td style=\"width: 199px; height: 24px;\" height=\"16\"><strong>Lubnik \u0160kofja Loka<\/strong> : Piran<\/td>\n<td style=\"width: 28px; height: 24px;\">3:1<\/td>\n<td style=\"width: 210px; height: 24px;\">25:27,25:21,25:22,25:21<\/td>\n<\/tr>\n<tr style=\"height: 20px;\">\n<td style=\"width: 48px; height: 24px;\">08.02.<\/td>\n<td style=\"width: 199px; height: 24px;\" height=\"16\">Piran : <strong>Gimnazija \u0160i\u0161ka<\/strong><\/td>\n<td style=\"width: 28px; height: 24px;\">0:3<\/td>\n<td style=\"width: 210px; height: 24px;\">19:25, 19:25, 23:25<\/td>\n<\/tr>\n<tr style=\"height: 20px;\">\n<td style=\"width: 48px; height: 24px;\">15.02.<\/td>\n<td style=\"width: 199px; height: 24px;\" height=\"16\">Piran : <strong>TPV Volley NM<\/strong><\/td>\n<td style=\"width: 28px; height: 24px;\">0:3<\/td>\n<td style=\"width: 210px; height: 24px;\">23:25, 24:26, 19:25<\/td>\n<\/tr>\n<tr style=\"height: 20px;\">\n<td style=\"width: 48px; height: 24px;\">29.02.<\/td>\n<td style=\"width: 199px; height: 24px;\" height=\"16\">Piran : <strong>OD Krim II<\/strong><\/td>\n<td style=\"width: 28px; height: 24px;\">2:3<\/td>\n<td style=\"width: 210px; height: 24px;\">25:23, 25:21, 22:25, 20:25, 10:15<\/td>\n<\/tr>\n<tr style=\"height: 20px;\">\n<td style=\"width: 48px; height: 24px;\">07.03.<\/td>\n<td style=\"width: 199px; height: 24px;\" height=\"16\"><strong>Vital Ljubljana<\/strong> : Piran<\/td>\n<td style=\"width: 28px; height: 24px;\">3:0<\/td>\n<td style=\"width: 210px; height: 24px;\">25:17, 25:18, 25:18<\/td>\n<\/tr>\n<tr style=\"height: 20px;\">\n<td style=\"width: 48px; height: 24px;\">14.03.<\/td>\n<td style=\"width: 199px; height: 24px;\" height=\"16\">Piran : ATK Grosuplje II<\/td>\n<td style=\"width: 28px; height: 24px;\">0:0<\/td>\n<td style=\"width: 210px; height: 24px;\">0:0,0:0,0:0<\/td>\n<\/tr>\n<tr style=\"height: 20px;\">\n<td style=\"width: 48px; height: 24px;\">21.03.<\/td>\n<td style=\"width: 199px; height: 24px;\" height=\"16\">Aquawatt \u017dirovnica : Piran<\/td>\n<td style=\"width: 28px; height: 24px;\">0:0<\/td>\n<td style=\"width: 210px; height: 24px;\">0:0,0:0,0:0<\/td>\n<\/tr>\n<tr style=\"height: 20px;\">\n<td style=\"width: 48px; height: 24px;\">28.03.<\/td>\n<td style=\"width: 199px; height: 24px;\" height=\"16\">Piran : Triglav Kranj<\/td>\n<td style=\"width: 28px; height: 24px;\">0:0<\/td>\n<td style=\"width: 210px; height: 24px;\">0:0,0:0,0:0<\/td>\n<\/tr>\n<tr style=\"height: 20px;\">\n<td style=\"width: 48px; height: 24px;\">04.04.<\/td>\n<td style=\"width: 199px; height: 24px;\" height=\"16\">Neptun Kanal : Piran<\/td>\n<td style=\"width: 28px; height: 24px;\">0:0<\/td>\n<td style=\"width: 210px; height: 24px;\">0:0,0:0,0:0<\/td>\n<\/tr>\n<\/tbody>\n<\/table>\n<h1>Lestvica<\/h1>\n<table id=\"tabela\" class=\"table-hover table table-bordered table-striped table-responsive col-sm-12\" style=\"width: 69.1936%;\" border=\"0\" width=\"100%\" bgcolor=\"#FFF\">\n<tbody>\n<tr style=\"height: 20px; background-color: #2e7dd1;\">\n<td style=\"width: 49.8834%;\" colspan=\"2\" align=\"center\"><span style=\"color: #ffffff;\"><strong>Kon\u010dna lestvica 2019\/2020<\/strong><\/span><\/td>\n<td style=\"width: 38.4615%;\" colspan=\"3\" align=\"center\"><span style=\"color: #ffffff;\"><strong>Tekme<\/strong><\/span><\/td>\n<\/tr>\n<tr>\n<td style=\"text-align: center; width: 14.2191%;\" align=\"center\">mesto<\/td>\n<td style=\"text-align: center; width: 35.6643%;\" align=\"center\">ekipa<\/td>\n<td style=\"text-align: center; width: 12.8205%;\" align=\"center\">to\u010dke<\/td>\n<td style=\"text-align: center; width: 12.3543%;\" align=\"center\">zm.<\/td>\n<td style=\"text-align: center; width: 13.2867%;\" align=\"center\">izg.<\/td>\n<\/tr>\n<tr>\n<td style=\"text-align: center; width: 14.2191%;\" valign=\"middle\" height=\"30\">1<\/td>\n<td style=\"text-align: center; width: 35.6643%;\" valign=\"middle\">Logatec<\/td>\n<td style=\"text-align: center; width: 12.8205%;\" align=\"center\">50<\/td>\n<td style=\"text-align: center; width: 12.3543%;\" align=\"center\">17<\/td>\n<td style=\"text-align: center; width: 13.2867%;\" align=\"center\">1<\/td>\n<\/tr>\n<tr>\n<td style=\"text-align: center; width: 14.2191%;\" align=\"center\">2<\/td>\n<td style=\"text-align: center; width: 35.6643%;\">\u0160entvid-Vital<\/td>\n<td style=\"text-align: center; width: 12.8205%;\" align=\"center\">47<\/td>\n<td style=\"text-align: center; width: 12.3543%;\" align=\"center\">15<\/td>\n<td style=\"text-align: center; width: 13.2867%;\" align=\"center\">3<\/td>\n<\/tr>\n<tr>\n<td style=\"text-align: center; width: 14.2191%;\" align=\"center\">3<\/td>\n<td style=\"text-align: center; width: 35.6643%;\">Aquawatt \u017dirovnica<\/td>\n<td style=\"text-align: center; width: 12.8205%;\" align=\"center\">38<\/td>\n<td style=\"text-align: center; width: 12.3543%;\" align=\"center\">12<\/td>\n<td style=\"text-align: center; width: 13.2867%;\" align=\"center\">6<\/td>\n<\/tr>\n<tr>\n<td style=\"text-align: center; width: 14.2191%;\" align=\"center\">4<\/td>\n<td style=\"text-align: center; width: 35.6643%;\">Gimnazija \u0160i\u0161ka<\/td>\n<td style=\"text-align: center; width: 12.8205%;\" align=\"center\">31<\/td>\n<td style=\"text-align: center; width: 12.3543%;\" align=\"center\">10<\/td>\n<td style=\"text-align: center; width: 13.2867%;\" align=\"center\">8<\/td>\n<\/tr>\n<tr>\n<td style=\"text-align: center; width: 14.2191%;\" align=\"center\">5<\/td>\n<td style=\"text-align: center; width: 35.6643%;\">Lubnik \u0160kofja Loka<\/td>\n<td style=\"text-align: center; width: 12.8205%;\" align=\"center\">27<\/td>\n<td style=\"text-align: center; width: 12.3543%;\" align=\"center\">10<\/td>\n<td style=\"text-align: center; width: 13.2867%;\" align=\"center\">8<\/td>\n<\/tr>\n<tr>\n<td style=\"text-align: center; width: 14.2191%;\" align=\"center\">6<\/td>\n<td style=\"text-align: center; width: 35.6643%;\">TPV Volley NM<\/td>\n<td style=\"text-align: center; width: 12.8205%;\" align=\"center\">26<\/td>\n<td style=\"text-align: center; width: 12.3543%;\" align=\"center\">8<\/td>\n<td style=\"text-align: center; width: 13.2867%;\" align=\"center\">10<\/td>\n<\/tr>\n<tr>\n<td style=\"text-align: center; width: 14.2191%;\" align=\"center\">7<\/td>\n<td style=\"text-align: center; width: 35.6643%;\">Vital Ljubljana<\/td>\n<td style=\"text-align: center; width: 12.8205%;\" align=\"center\">24<\/td>\n<td style=\"text-align: center; width: 12.3543%;\" align=\"center\">8<\/td>\n<td style=\"text-align: center; width: 13.2867%;\" align=\"center\">10<\/td>\n<\/tr>\n<tr>\n<td style=\"text-align: center; width: 14.2191%;\" align=\"center\">8<\/td>\n<td style=\"text-align: center; width: 35.6643%;\">Triglav Kranj<\/td>\n<td style=\"text-align: center; width: 12.8205%;\" align=\"center\">22<\/td>\n<td style=\"text-align: center; width: 12.3543%;\" align=\"center\">6<\/td>\n<td style=\"text-align: center; width: 13.2867%;\" align=\"center\">12<\/td>\n<\/tr>\n<tr>\n<td style=\"text-align: center; width: 14.2191%;\" align=\"center\">9<\/td>\n<td style=\"text-align: center; width: 35.6643%;\">Piran<\/td>\n<td style=\"text-align: center; width: 12.8205%;\" align=\"center\">18<\/td>\n<td style=\"text-align: center; width: 12.3543%;\" align=\"center\">7<\/td>\n<td style=\"text-align: center; width: 13.2867%;\" align=\"center\">11<\/td>\n<\/tr>\n<tr>\n<td style=\"text-align: center; width: 14.2191%;\" align=\"center\">10<\/td>\n<td style=\"text-align: center; width: 35.6643%;\">Neptun Kanal<\/td>\n<td style=\"text-align: center; width: 12.8205%;\" align=\"center\">18<\/td>\n<td style=\"text-align: center; width: 12.3543%;\" align=\"center\">7<\/td>\n<td style=\"text-align: center; width: 13.2867%;\" align=\"center\">11<\/td>\n<\/tr>\n<tr>\n<td style=\"text-align: center; width: 14.2191%;\" align=\"center\">11<\/td>\n<td style=\"text-align: center; width: 35.6643%;\">ATK Grosuplje II<\/td>\n<td style=\"text-align: center; width: 12.8205%;\" align=\"center\">17<\/td>\n<td style=\"text-align: center; width: 12.3543%;\" align=\"center\">5<\/td>\n<td style=\"text-align: center; width: 13.2867%;\" align=\"center\">13<\/td>\n<\/tr>\n<tr>\n<td style=\"text-align: center; width: 14.2191%;\" align=\"center\">12<\/td>\n<td style=\"text-align: center; width: 35.6643%;\">OD Krim II<\/td>\n<td style=\"text-align: center; width: 12.8205%;\" align=\"center\">6<\/td>\n<td style=\"text-align: center; width: 12.3543%;\" align=\"center\">3<\/td>\n<td style=\"text-align: center; width: 13.2867%;\" align=\"center\">15<\/td>\n<\/tr>\n<\/tbody>\n<\/table>\n<p><a href=\"http:\/\/www.odbojka.si\/index.php?st=32695718120\" target=\"_blank\" rel=\"noopener\">Ve\u010d na odbojka.si &#8211; 2. dol zahod &#8230;<\/a><\/p>\n<h1>KOLEDAR TEKEM<\/h1>\n<p>[ai1ec cat_name=&#8221;19-2zz&#8221; , events_limit=&#8221;5&#8243;, view=&#8221;agenda&#8221;]<\/p>\n","protected":false},"excerpt":{"rendered":"","protected":false},"author":1,"featured_media":1267,"parent":1228,"menu_order":1,"comment_status":"closed","ping_status":"closed","template":"","meta":[],"_links":{"self":[{"href":"https:\/\/www.odbojkapiran.si\/index.php?rest_route=\/wp\/v2\/pages\/1231"}],"collection":[{"href":"https:\/\/www.odbojkapiran.si\/index.php?rest_route=\/wp\/v2\/pages"}],"about":[{"href":"https:\/\/www.odbojkapiran.si\/index.php?rest_route=\/wp\/v2\/types\/page"}],"author":[{"embeddable":true,"href":"https:\/\/www.odbojkapiran.si\/index.php?rest_route=\/wp\/v2\/users\/1"}],"replies":[{"embeddable":true,"href":"https:\/\/www.odbojkapiran.si\/index.php?rest_route=%2Fwp%2Fv2%2Fcomments&post=1231"}],"version-history":[{"count":28,"href":"https:\/\/www.odbojkapiran.si\/index.php?rest_route=\/wp\/v2\/pages\/1231\/revisions"}],"predecessor-version":[{"id":1376,"href":"https:\/\/www.odbojkapiran.si\/index.php?rest_route=\/wp\/v2\/pages\/1231\/revisions\/1376"}],"up":[{"embeddable":true,"href":"https:\/\/www.odbojkapiran.si\/index.php?rest_route=\/wp\/v2\/pages\/1228"}],"wp:featuredmedia":[{"embeddable":true,"href":"https:\/\/www.odbojkapiran.si\/index.php?rest_route=\/wp\/v2\/media\/1267"}],"wp:attachment":[{"href":"https:\/\/www.odbojkapiran.si\/index.php?rest_route=%2Fwp%2Fv2%2Fmedia&parent=1231"}],"curies":[{"name":"wp","href":"https:\/\/api.w.org\/{rel}","templated":true}]}}