{"id":1167,"date":"2019-06-12T11:13:16","date_gmt":"2019-06-12T09:13:16","guid":{"rendered":"https:\/\/www.odbojkapiran.si\/?page_id=1167"},"modified":"2022-05-24T10:13:17","modified_gmt":"2022-05-24T08:13:17","slug":"odbojka-na-mivki-rt-seca","status":"publish","type":"page","link":"https:\/\/www.odbojkapiran.si\/?page_id=1167","title":{"rendered":"Odbojka na mivki &#8211; RT SE\u010cA"},"content":{"rendered":"<div id=\"pl-1167\"  class=\"panel-layout\" >\n<div id=\"pg-1167-0\"  class=\"panel-grid panel-no-style\"  data-style=\"{&quot;background_image_attachment&quot;:false,&quot;background_display&quot;:&quot;tile&quot;,&quot;cell_alignment&quot;:&quot;flex-start&quot;}\" >\n<div id=\"pgc-1167-0-0\"  class=\"panel-grid-cell\"  data-style=\"{&quot;background_image_attachment&quot;:false,&quot;background_display&quot;:&quot;tile&quot;,&quot;vertical_alignment&quot;:&quot;auto&quot;}\"  data-weight=\"1\" >\n<div id=\"panel-1167-0-0-0\" class=\"so-panel widget widget_media_gallery panel-first-child\" data-index=\"0\" data-style=\"{&quot;background_image_attachment&quot;:false,&quot;background_display&quot;:&quot;tile&quot;}\" >[siteorigin_widget class=&#8221;WP_Widget_Media_Gallery&#8221;]<input type=\"hidden\" value=\"{&quot;instance&quot;:{&quot;title&quot;:&quot;Beachvolley igri\u0161\u010da Se\u010da&quot;,&quot;ids&quot;:[1575,1574,1573,1572,1570,1569,1568,1566,1567,1565],&quot;columns&quot;:5,&quot;size&quot;:&quot;thumbnail&quot;,&quot;link_type&quot;:&quot;file&quot;,&quot;orderby_random&quot;:true,&quot;type&quot;:&quot;default&quot;,&quot;csb_visibility&quot;:{&quot;action&quot;:&quot;show&quot;,&quot;conditions&quot;:{&quot;guest&quot;:[],&quot;date&quot;:[],&quot;roles&quot;:[],&quot;pagetypes&quot;:[],&quot;posttypes&quot;:[],&quot;membership&quot;:[],&quot;membership2&quot;:[],&quot;prosite&quot;:[],&quot;pt-post&quot;:[],&quot;pt-page&quot;:[],&quot;pt-ai1ec_event&quot;:[],&quot;tax-category&quot;:[],&quot;tax-post_tag&quot;:[],&quot;tax-post_format&quot;:[],&quot;tax-events_categories&quot;:[],&quot;tax-events_tags&quot;:[]},&quot;always&quot;:true},&quot;csb_clone&quot;:{&quot;group&quot;:27,&quot;state&quot;:&quot;ok&quot;},&quot;so_sidebar_emulator_id&quot;:&quot;media_gallery-116710000&quot;,&quot;option_name&quot;:&quot;widget_media_gallery&quot;},&quot;args&quot;:{&quot;before_widget&quot;:&quot;&lt;div id=\\&quot;panel-1167-0-0-0\\&quot; class=\\&quot;so-panel widget widget_media_gallery panel-first-child\\&quot; data-index=\\&quot;0\\&quot; data-style=\\&quot;{&quot;background_image_attachment&quot;:false,&quot;background_display&quot;:&quot;tile&quot;}\\&quot; &gt;&quot;,&quot;after_widget&quot;:&quot;&lt;\\\/div&gt;&quot;,&quot;before_title&quot;:&quot;&lt;h3 class=\\&quot;widget-title\\&quot;&gt;&quot;,&quot;after_title&quot;:&quot;&lt;\\\/h3&gt;&quot;,&quot;widget_id&quot;:&quot;widget-0-0-0&quot;}}\" \/>[\/siteorigin_widget]<\/div>\n<div id=\"panel-1167-0-0-1\" class=\"so-panel widget widget_sow-editor\" data-index=\"1\" data-style=\"{&quot;background_image_attachment&quot;:false,&quot;background_display&quot;:&quot;tile&quot;}\" >\n<div class=\"so-widget-sow-editor so-widget-sow-editor-base\">\n<h3 class=\"widget-title\">Rezervacije in koledar zasedenosti<\/h3>\n<div class=\"siteorigin-widget-tinymce textwidget\">\n<p><strong>Za rezervacijo terminov:<\/strong><br \/>\n<strong>pokli\u010dite: +386 51 626 500<\/strong><br \/>\n<strong>ali pi\u0161ite na: bv@odbojkapiran.si<\/strong><\/p>\n<p>Zasedenost terminov si lahko ogledate v spodnjem koledarju.\u00a0 Na voljo sta dve igri\u0161\u010di. Vsak vnos predstavlja eno igri\u0161\u010de.<\/p>\n<\/div>\n<\/div>\n<\/div>\n<div id=\"panel-1167-0-0-2\" class=\"so-panel widget widget_custom_html\" data-index=\"2\" data-style=\"{&quot;background_image_attachment&quot;:false,&quot;background_display&quot;:&quot;tile&quot;}\" >[siteorigin_widget class=&#8221;WP_Widget_Custom_HTML&#8221;]<input type=\"hidden\" value=\"{&quot;instance&quot;:{&quot;title&quot;:&quot;&quot;,&quot;content&quot;:&quot;&lt;iframe src=\\&quot;https:\\\/\\\/calendar.google.com\\\/calendar\\\/embed?height=600&amp;wkst=2&amp;bgcolor=%23ffffff&amp;ctz=Europe%2FPrague&amp;src=cWkyMjdzY29hb2JsNXM5cDEzYXZudnZqZzhAZ3JvdXAuY2FsZW5kYXIuZ29vZ2xlLmNvbQ&amp;color=%23EF6C00&amp;showTz=0&amp;showCalendars=0&amp;showTabs=0&amp;mode=WEEK\\&quot; style=\\&quot;border-width:0\\&quot; width=\\&quot;800\\&quot; height=\\&quot;600\\&quot; frameborder=\\&quot;0\\&quot; scrolling=\\&quot;no\\&quot;&gt;&lt;\\\/iframe&gt;&quot;,&quot;csb_visibility&quot;:{&quot;action&quot;:&quot;show&quot;,&quot;conditions&quot;:{&quot;guest&quot;:[],&quot;date&quot;:[],&quot;roles&quot;:[],&quot;pagetypes&quot;:[],&quot;posttypes&quot;:[],&quot;membership&quot;:[],&quot;membership2&quot;:[],&quot;prosite&quot;:[],&quot;pt-post&quot;:[],&quot;pt-page&quot;:[],&quot;pt-ai1ec_event&quot;:[],&quot;tax-category&quot;:[],&quot;tax-post_tag&quot;:[],&quot;tax-post_format&quot;:[],&quot;tax-events_categories&quot;:[],&quot;tax-events_tags&quot;:[]},&quot;always&quot;:true},&quot;csb_clone&quot;:{&quot;group&quot;:27,&quot;state&quot;:&quot;ok&quot;},&quot;so_sidebar_emulator_id&quot;:&quot;custom_html-116710002&quot;,&quot;option_name&quot;:&quot;widget_custom_html&quot;},&quot;args&quot;:{&quot;before_widget&quot;:&quot;&lt;div id=\\&quot;panel-1167-0-0-2\\&quot; class=\\&quot;so-panel widget widget_custom_html\\&quot; data-index=\\&quot;2\\&quot; data-style=\\&quot;{&quot;background_image_attachment&quot;:false,&quot;background_display&quot;:&quot;tile&quot;}\\&quot; &gt;&quot;,&quot;after_widget&quot;:&quot;&lt;\\\/div&gt;&quot;,&quot;before_title&quot;:&quot;&lt;h3 class=\\&quot;widget-title\\&quot;&gt;&quot;,&quot;after_title&quot;:&quot;&lt;\\\/h3&gt;&quot;,&quot;widget_id&quot;:&quot;widget-0-0-2&quot;}}\" \/>[\/siteorigin_widget]<\/div>\n<div id=\"panel-1167-0-0-3\" class=\"so-panel widget widget_sow-editor panel-last-child\" data-index=\"3\" data-style=\"{&quot;background_image_attachment&quot;:false,&quot;background_display&quot;:&quot;tile&quot;}\" >\n<div class=\"so-widget-sow-editor so-widget-sow-editor-base\">\n<div class=\"siteorigin-widget-tinymce textwidget\">\n<p>V kolikor se vam koledar ne prika\u017ee lahko<a href=\"https:\/\/calendar.google.com\/calendar\/embed?src=qi227scoaobl5s9p13avnvvjg8%40group.calendar.google.com&amp;ctz=Europe%2FPrague\" target=\"_blank\" rel=\"noopener\"> kliknete na to povezavo<\/a>.<\/p>\n<p>Dodatne informacije:<br \/>\n&#8211; Bogdan 041 357 123<br \/>\n&#8211; Vesna 031 371 892<\/p>\n<\/div>\n<\/div>\n<\/div>\n<\/div>\n<\/div>\n<\/div>\n<style type=\"text\/css\" class=\"panels-style\" data-panels-style-for-post=\"1167\">@import url(https:\/\/www.odbojkapiran.si\/wp-content\/plugins\/siteorigin-panels\/css\/front-flex.min.css); #pgc-1167-0-0 { width:100%;width:calc(100% - ( 0 * 30px ) ) } #pl-1167 .so-panel { margin-bottom:30px } #pl-1167 .so-panel:last-of-type { margin-bottom:0px } #pg-1167-0.panel-no-style, #pg-1167-0.panel-has-style > .panel-row-style { -webkit-align-items:flex-start;align-items:flex-start } #pgc-1167-0-0 { align-self:auto } @media (max-width:780px){ #pg-1167-0.panel-no-style, #pg-1167-0.panel-has-style > .panel-row-style { -webkit-flex-direction:column;-ms-flex-direction:column;flex-direction:column } #pg-1167-0 > .panel-grid-cell , #pg-1167-0 > .panel-row-style > .panel-grid-cell { width:100%;margin-right:0 } #pg-1167-0 { margin-bottom:px } #pl-1167 .panel-grid-cell { padding:0 } #pl-1167 .panel-grid .panel-grid-cell-empty { display:none } #pl-1167 .panel-grid .panel-grid-cell-mobile-last { margin-bottom:0px }  } <\/style>\n","protected":false},"excerpt":{"rendered":"<p>[siteorigin_widget class=&#8221;WP_Widget_Media_Gallery&#8221;][\/siteorigin_widget] Rezervacije in koledar zasedenosti Za rezervacijo terminov: pokli\u010dite: +386 51 626 500 ali pi\u0161ite na: bv@odbojkapiran.si Zasedenost terminov si lahko ogledate v spodnjem koledarju.\u00a0 Na voljo sta dve igri\u0161\u010di. Vsak vnos predstavlja eno igri\u0161\u010de. [siteorigin_widget class=&#8221;WP_Widget_Custom_HTML&#8221;][\/siteorigin_widget] V kolikor se vam koledar ne prika\u017ee lahko kliknete na to povezavo. Dodatne informacije: &#8211; Bogdan 041 [&hellip;]<\/p>\n","protected":false},"author":1,"featured_media":642,"parent":0,"menu_order":0,"comment_status":"closed","ping_status":"closed","template":"page-templates\/full-width-page.php","meta":[],"_links":{"self":[{"href":"https:\/\/www.odbojkapiran.si\/index.php?rest_route=\/wp\/v2\/pages\/1167"}],"collection":[{"href":"https:\/\/www.odbojkapiran.si\/index.php?rest_route=\/wp\/v2\/pages"}],"about":[{"href":"https:\/\/www.odbojkapiran.si\/index.php?rest_route=\/wp\/v2\/types\/page"}],"author":[{"embeddable":true,"href":"https:\/\/www.odbojkapiran.si\/index.php?rest_route=\/wp\/v2\/users\/1"}],"replies":[{"embeddable":true,"href":"https:\/\/www.odbojkapiran.si\/index.php?rest_route=%2Fwp%2Fv2%2Fcomments&post=1167"}],"version-history":[{"count":37,"href":"https:\/\/www.odbojkapiran.si\/index.php?rest_route=\/wp\/v2\/pages\/1167\/revisions"}],"predecessor-version":[{"id":1577,"href":"https:\/\/www.odbojkapiran.si\/index.php?rest_route=\/wp\/v2\/pages\/1167\/revisions\/1577"}],"wp:featuredmedia":[{"embeddable":true,"href":"https:\/\/www.odbojkapiran.si\/index.php?rest_route=\/wp\/v2\/media\/642"}],"wp:attachment":[{"href":"https:\/\/www.odbojkapiran.si\/index.php?rest_route=%2Fwp%2Fv2%2Fmedia&parent=1167"}],"curies":[{"name":"wp","href":"https:\/\/api.w.org\/{rel}","templated":true}]}}